{"id":16,"date":"2012-04-06T14:47:42","date_gmt":"2012-04-06T11:47:42","guid":{"rendered":"http:\/\/kaariainen.fi\/?page_id=16"},"modified":"2026-03-27T19:34:43","modified_gmt":"2026-03-27T17:34:43","slug":"sukusytykkeita","status":"publish","type":"page","link":"https:\/\/xn--kriinen-5waac.fi\/?page_id=16","title":{"rendered":"Sukusytykkeit\u00e4"},"content":{"rendered":"<p>T\u00e4lt\u00e4 sivulta l\u00f6ytyv\u00e4t ilmestyneet Sukusytykkeit\u00e4-lehden numerot PDF-muodossa.<\/p>\n<table>\n<tbody>\n<tr>\n<td><a href=\"sytyk\/sukusytykkeita01.pdf\"><img decoding=\"async\" loading=\"lazy\" src=\"sytyk\/sukusytykkeita1.gif\" alt=\"no1\" width=\"124\" height=\"175\" \/><\/a><center>No.1 &#8211; 29.11.1947<\/center><\/td>\n<td><a href=\"sytyk\/sukusytykkeita02.pdf\"><img decoding=\"async\" loading=\"lazy\" src=\"sytyk\/sukusytykkeita2.gif\" alt=\"no2\" width=\"124\" height=\"175\" \/><\/a><center>No.2 &#8211; 5.6.1951<\/center><\/td>\n<td><a href=\"sytyk\/sukusytykkeita03.pdf\"><img decoding=\"async\" loading=\"lazy\" src=\"sytyk\/sukusytykkeita3.gif\" alt=\"no3\" width=\"124\" height=\"175\" \/><\/a><center>No.3 &#8211; 31.5.1952<\/center><\/td>\n<\/tr>\n<tr>\n<td><a href=\"sytyk\/sukusytykkeita04.pdf\"><img decoding=\"async\" loading=\"lazy\" src=\"sytyk\/sukusytykkeita4.gif\" alt=\"no4\" width=\"124\" height=\"175\" \/><\/a><center>No.4 &#8211; 9.12.1953<\/center><\/td>\n<td><a href=\"sytyk\/sukusytykkeita05.pdf\"><img decoding=\"async\" loading=\"lazy\" src=\"sytyk\/sukusytykkeita5.gif\" alt=\"no5\" width=\"124\" height=\"175\" \/><\/a><center>No.5 &#8211; 12.12.1985<\/center><\/td>\n<td><a href=\"sytyk\/sukusytykkeita06.pdf\"><img decoding=\"async\" loading=\"lazy\" src=\"sytyk\/sukusytykkeita6.gif\" alt=\"no6\" width=\"124\" height=\"175\" \/><\/a><center>No.6 &#8211; 15.2.1987<\/center><\/td>\n<\/tr>\n<tr>\n<td><a href=\"sytyk\/sukusytykkeita07.pdf\"><img decoding=\"async\" loading=\"lazy\" src=\"sytyk\/sukusytykkeita7.gif\" alt=\"no7\" width=\"124\" height=\"175\" \/><\/a><center>No.7 &#8211; 15.5.1987<\/center><\/td>\n<td><a href=\"sytyk\/sukusytykkeita08.pdf\"><img decoding=\"async\" loading=\"lazy\" src=\"sytyk\/sukusytykkeita8.gif\" alt=\"no8\" width=\"124\" height=\"175\" \/><\/a><center>No.8 &#8211; 1.8.1988<\/center><\/td>\n<td><a href=\"sytyk\/sukusytykkeita09.pdf\"><img decoding=\"async\" loading=\"lazy\" src=\"sytyk\/sukusytykkeita9.gif\" alt=\"no9\" width=\"124\" height=\"175\" \/><\/a><center>No.9 &#8211; 16.6.1989<\/center><\/td>\n<\/tr>\n<tr>\n<td><a href=\"sytyk\/sukusytykkeita10.pdf\"><img decoding=\"async\" loading=\"lazy\" src=\"sytyk\/sukusytykkeita10.gif\" alt=\"no10\" width=\"124\" height=\"175\" \/><\/a><center>No.10 &#8211; 22.2.1990<\/center><\/td>\n<td><a href=\"sytyk\/sukusytykkeita11.pdf\"><img decoding=\"async\" loading=\"lazy\" src=\"sytyk\/sukusytykkeita11.gif\" alt=\"no11\" width=\"124\" height=\"175\" \/><\/a><center>No.11 &#8211; 1.12.1991<\/center><\/td>\n<td><a href=\"sytyk\/sukusytykkeita12.pdf\"><img decoding=\"async\" loading=\"lazy\" src=\"sytyk\/sukusytykkeita12.gif\" alt=\"no12\" width=\"124\" height=\"175\" \/><\/a><center>No.12 &#8211; 1.7.1993<\/center><\/td>\n<\/tr>\n<tr>\n<td><a href=\"sytyk\/sukusytykkeita13.pdf\"><img decoding=\"async\" loading=\"lazy\" src=\"sytyk\/sukusytykkeita13.gif\" alt=\"no13\" width=\"124\" height=\"175\" \/><\/a><center>No.13 &#8211; 2.5.1995<\/center><\/td>\n<td><a href=\"sytyk\/sukusytykkeita14.pdf\"><img decoding=\"async\" loading=\"lazy\" src=\"sytyk\/sukusytykkeita14.gif\" alt=\"no14\" width=\"124\" height=\"175\" \/><\/a><center>No.14 &#8211; 20.9.1996<\/center><\/td>\n<td><a href=\"sytyk\/sukusytykkeita15.pdf\"><img decoding=\"async\" loading=\"lazy\" src=\"sytyk\/sukusytykkeita15.gif\" alt=\"no15\" width=\"124\" height=\"175\" \/><\/a><center>No.15 &#8211; 2.6.1997<\/center><\/td>\n<\/tr>\n<tr>\n<td><a href=\"sytyk\/sukusytykkeita16.pdf\"><img decoding=\"async\" loading=\"lazy\" src=\"sytyk\/sukusytykkeita16.gif\" alt=\"no16\" width=\"124\" height=\"175\" \/><\/a><center>No.16 &#8211; 2.11.1997<\/center><\/td>\n<td><a href=\"sytyk\/sukusytykkeita17.pdf\"><img decoding=\"async\" loading=\"lazy\" src=\"sytyk\/sukusytykkeita17.gif\" alt=\"no17\" width=\"124\" height=\"175\" \/><\/a><center>No.17 &#8211; 15.4.1998<\/center><\/td>\n<td><a href=\"sytyk\/sukusytykkeita18.pdf\"><img decoding=\"async\" loading=\"lazy\" src=\"sytyk\/sukusytykkeita18.gif\" alt=\"no18\" width=\"124\" height=\"175\" \/><\/a><center>No.18 &#8211; 2.5.1999<\/center><\/td>\n<\/tr>\n<tr>\n<td><a href=\"sytyk\/sukusytykkeita19.pdf\"><img decoding=\"async\" loading=\"lazy\" src=\"sytyk\/sukusytykkeita19.gif\" alt=\"no19\" width=\"124\" height=\"175\" \/><\/a><center>No.19 &#8211; 9.5.2000<\/center><\/td>\n<td><a href=\"sytyk\/sukusytykkeita20.pdf\"><img decoding=\"async\" loading=\"lazy\" src=\"sytyk\/sukusytykkeita20.gif\" alt=\"no20\" width=\"124\" height=\"175\" \/><\/a><center>No.20 &#8211; 2.5.2001<\/center><\/td>\n<td><a href=\"sytyk\/sukusytykkeita21.pdf\"><img decoding=\"async\" loading=\"lazy\" src=\"sytyk\/sukusytykkeita21.gif\" alt=\"no21\" width=\"124\" height=\"175\" \/><\/a><center>No.21 &#8211; 15.4.2002<\/center><\/td>\n<\/tr>\n<tr>\n<td><a href=\"sytyk\/sukusytykkeita22.pdf\"><img decoding=\"async\" loading=\"lazy\" src=\"sytyk\/sukusytykkeita22.gif\" alt=\"no22\" width=\"124\" height=\"175\" \/><\/a><center>No.22 &#8211; 2.5.2003<\/center><\/td>\n<td><a href=\"sytyk\/sukusytykkeita23.pdf\"><img decoding=\"async\" loading=\"lazy\" src=\"sytyk\/sukusytykkeita23.gif\" alt=\"no23\" width=\"124\" height=\"175\" \/><\/a><center>No.23 &#8211; 2.6.2004<\/center><\/td>\n<td><a href=\"sytyk\/sukusytykkeita24.pdf\"><img decoding=\"async\" loading=\"lazy\" src=\"sytyk\/sukusytykkeita24.gif\" alt=\"no24\" width=\"124\" height=\"175\" \/><\/a><center>No.24 &#8211; 1.12.2005<\/center><\/td>\n<\/tr>\n<tr>\n<td><a href=\"sytyk\/sukusytykkeita26.pdf\"><img decoding=\"async\" loading=\"lazy\" src=\"sytyk\/sukusytykkeita26.gif\" alt=\"no26\" width=\"124\" height=\"175\" \/><\/a><center>No.26<\/center><\/td>\n<td><a href=\"https:\/\/xn--kriinen-5waac.fi\/wp-content\/uploads\/2012\/04\/Sukusyt29-05-2012.pdf\"><img decoding=\"async\" loading=\"lazy\" src=\"https:\/\/xn--kriinen-5waac.fi\/wp-content\/uploads\/2013\/04\/Sukusyt29-05-2012-small.gif\" alt=\"29.5.2012\" width=\"124\" height=\"175\" \/><\/a><center>29.5.2012<\/center><\/td>\n<td><a href=\"https:\/\/xn--kriinen-5waac.fi\/wp-content\/uploads\/2017\/02\/sukusytykkeita30.pdf\"><img decoding=\"async\" loading=\"lazy\" src=\"https:\/\/xn--kriinen-5waac.fi\/wp-content\/uploads\/2017\/02\/sukusytykkeita30.png\" alt=\"no30\" width=\"124\" height=\"175\" \/><\/a><center>No.30 &#8211; 10.2.2017<\/center><\/td>\n<\/tr>\n<tr>\n<td><a href=\"https:\/\/xn--kriinen-5waac.fi\/wp-content\/uploads\/2017\/06\/sukusytykkeita31.pdf\"><img decoding=\"async\" loading=\"lazy\" src=\"https:\/\/xn--kriinen-5waac.fi\/wp-content\/uploads\/2017\/06\/sukusytykkeita31.png\" alt=\"no31\" width=\"124\" height=\"175\" \/><\/a><center>No.31 &#8211; 20.6.2017<\/center><\/td>\n<td><a href=\"https:\/\/xn--kriinen-5waac.fi\/wp-content\/uploads\/2020\/11\/sukusytykkeita32.pdf\"><img decoding=\"async\" loading=\"lazy\" src=\"https:\/\/xn--kriinen-5waac.fi\/wp-content\/uploads\/2020\/11\/sukusytykkeita32.png\" alt=\"no32\" width=\"124\" height=\"175\" \/><\/a><center>No.32 &#8211; 3.7.2018<\/center><\/td>\n<td><a href=\"https:\/\/xn--kriinen-5waac.fi\/wp-content\/uploads\/2020\/11\/sukusytykkeita33.pdf\"><img decoding=\"async\" loading=\"lazy\" src=\"https:\/\/xn--kriinen-5waac.fi\/wp-content\/uploads\/2020\/11\/sukusytykkeita33.png\" alt=\"no33\" width=\"124\" height=\"175\" \/><\/a><center>No.33 &#8211; 6.6.2020<\/center><\/td>\n<\/tr>\n<tr>\n<td><a href=\"https:\/\/xn--kriinen-5waac.fi\/wp-content\/uploads\/2021\/06\/sukusytykkeita34.pdf\"><img decoding=\"async\" loading=\"lazy\" src=\"https:\/\/xn--kriinen-5waac.fi\/wp-content\/uploads\/2021\/06\/sukusytykkeita34.png\" alt=\"no34\" width=\"124\" height=\"175\" \/><\/a><center>No.34 &#8211; 28.5.2021<\/center><\/td>\n<td><a href=\"https:\/\/xn--kriinen-5waac.fi\/wp-content\/uploads\/2022\/05\/sukusytykkeita35.pdf\"><img decoding=\"async\" loading=\"lazy\" src=\"https:\/\/xn--kriinen-5waac.fi\/wp-content\/uploads\/2022\/05\/sukusytykkeita35.png\" alt=\"no35\" width=\"124\" height=\"175\" \/><\/a><center>No.35 &#8211; 18.5.2022<\/center><\/td>\n<td><a href=\"https:\/\/xn--kriinen-5waac.fi\/wp-content\/uploads\/2023\/09\/sukusytykkeita36.pdf\"><img decoding=\"async\" loading=\"lazy\" src=\"https:\/\/xn--kriinen-5waac.fi\/wp-content\/uploads\/2023\/09\/sukusytykkeita36.png\" alt=\"no36\" width=\"127\" height=\"175\" \/><\/a><center>No.36 &#8211; 17.8.2023<\/center><\/td>\n<\/tr>\n<tr>\n<td><a href=\"https:\/\/xn--kriinen-5waac.fi\/wp-content\/uploads\/2024\/06\/sukusytykkeita37.pdf\"><img decoding=\"async\" loading=\"lazy\" src=\"https:\/\/xn--kriinen-5waac.fi\/wp-content\/uploads\/2024\/06\/sukusytykkeita37.png\" alt=\"no37\" width=\"127\" height=\"175\" \/><\/a><center>No.37 &#8211; 2024<\/center><\/td>\n<td><a href=\"https:\/\/xn--kriinen-5waac.fi\/wp-content\/uploads\/2025\/08\/sukusytykkeita38.pdf\"><img decoding=\"async\" loading=\"lazy\" src=\"https:\/\/xn--kriinen-5waac.fi\/wp-content\/uploads\/2025\/08\/sukusytykkeita38.png\" alt=\"no37\" width=\"127\" height=\"175\" \/><\/a><center>No.38 &#8211; 2025<\/center><\/td>\n<td><a href=\"https:\/\/xn--kriinen-5waac.fi\/wp-content\/uploads\/2026\/03\/sukusytykkeita39.pdf\"><img decoding=\"async\" loading=\"lazy\" src=\"https:\/\/xn--kriinen-5waac.fi\/wp-content\/uploads\/2026\/03\/sukusytykkeita39.png\" alt=\"no37\" width=\"125\" height=\"175\" \/><\/a><center>No.39 &#8211; 2026<\/center><\/td>\n<\/tr>\n<\/tbody>\n<\/table>\n\n\n<p><\/p>\n","protected":false},"excerpt":{"rendered":"<p>T\u00e4lt\u00e4 sivulta l\u00f6ytyv\u00e4t ilmestyneet Sukusytykkeit\u00e4-lehden numerot PDF-muodossa. No.1 &#8211; 29.11.1947 No.2 &#8211; 5.6.1951 No.3 &#8211; 31.5.1952 No.4 &#8211; 9.12.1953 No.5 &#8211; 12.12.1985 No.6 &#8211; 15.2.1987 No.7 &#8211; 15.5.1987 No.8 &#8211; 1.8.1988 No.9 &#8211; 16.6.1989 No.10 &#8211; 22.2.1990 No.11 &#8211; 1.12.1991 No.12 &#8211; 1.7.1993 No.13 &#8211; 2.5.1995 No.14 &#8211; 20.9.1996 No.15 &#8211; 2.6.1997 No.16 &#8211; 2.11.1997 &hellip;<\/p>\n<p class=\"read-more\"> <a class=\"\" href=\"https:\/\/xn--kriinen-5waac.fi\/?page_id=16\"> <span class=\"screen-reader-text\">Sukusytykkeit\u00e4<\/span> Lue lis\u00e4\u00e4 &raquo;<\/a><\/p>\n","protected":false},"author":1,"featured_media":0,"parent":0,"menu_order":1,"comment_status":"closed","ping_status":"open","template":"","meta":{"footnotes":""},"_links":{"self":[{"href":"https:\/\/xn--kriinen-5waac.fi\/index.php?rest_route=\/wp\/v2\/pages\/16"}],"collection":[{"href":"https:\/\/xn--kriinen-5waac.fi\/index.php?rest_route=\/wp\/v2\/pages"}],"about":[{"href":"https:\/\/xn--kriinen-5waac.fi\/index.php?rest_route=\/wp\/v2\/types\/page"}],"author":[{"embeddable":true,"href":"https:\/\/xn--kriinen-5waac.fi\/index.php?rest_route=\/wp\/v2\/users\/1"}],"replies":[{"embeddable":true,"href":"https:\/\/xn--kriinen-5waac.fi\/index.php?rest_route=%2Fwp%2Fv2%2Fcomments&post=16"}],"version-history":[{"count":27,"href":"https:\/\/xn--kriinen-5waac.fi\/index.php?rest_route=\/wp\/v2\/pages\/16\/revisions"}],"predecessor-version":[{"id":719,"href":"https:\/\/xn--kriinen-5waac.fi\/index.php?rest_route=\/wp\/v2\/pages\/16\/revisions\/719"}],"wp:attachment":[{"href":"https:\/\/xn--kriinen-5waac.fi\/index.php?rest_route=%2Fwp%2Fv2%2Fmedia&parent=16"}],"curies":[{"name":"wp","href":"https:\/\/api.w.org\/{rel}","templated":true}]}}