{"id":168,"date":"2012-08-02T09:30:34","date_gmt":"2012-08-02T06:30:34","guid":{"rendered":"http:\/\/kaariainen.fi\/?page_id=168"},"modified":"2012-09-03T23:29:49","modified_gmt":"2012-09-03T20:29:49","slug":"jalkiruokia","status":"publish","type":"page","link":"https:\/\/xn--kriinen-5waac.fi\/?page_id=168","title":{"rendered":"J\u00e4lkiruokia"},"content":{"rendered":"<h1><strong><span style=\"font-size: medium;\">Raikin piirakka<\/span><\/strong><\/h1>\n<p><em><span style=\"font-size: medium;\">2 dl viili\u00e4 tai kermaviili\u00e4<\/span><\/em><\/p>\n<p><em><span style=\"font-size: medium;\"> 2 dl vett\u00e4<\/span><\/em><\/p>\n<p><em><span style=\"font-size: medium;\"> 2 dl sokeria<\/span><\/em><\/p>\n<p><em><span style=\"font-size: medium;\"> 200 gr voisulaa<\/span><\/em><\/p>\n<p><em><span style=\"font-size: medium;\"> 6 dl vehn\u00e4jauhoja<\/span><\/em><\/p>\n<p><em><span style=\"font-size: medium;\"> 3 tl leivinjauhetta<\/span><\/em><\/p>\n<p><span style=\"font-size: small;\">Sekoita kaikki yhteen ja\u00a0<\/span><span style=\"font-size: medium;\">levit\u00e4 voideltuun vuokaan, syv\u00e4lle pellille tms.<\/span><\/p>\n<p><span style=\"font-size: medium;\"> Levit\u00e4 p\u00e4\u00e4lle raparperit, kookoshiutaleet, fariinisokeri tms. P<\/span><span style=\"font-size: medium;\">aista kyps\u00e4ksi.<\/span><\/p>\n","protected":false},"excerpt":{"rendered":"<p>Raikin piirakka 2 dl viili\u00e4 tai kermaviili\u00e4 2 dl vett\u00e4 2 dl sokeria 200 gr voisulaa 6 dl vehn\u00e4jauhoja 3 tl leivinjauhetta Sekoita kaikki yhteen ja\u00a0levit\u00e4 voideltuun vuokaan, syv\u00e4lle pellille tms. Levit\u00e4 p\u00e4\u00e4lle raparperit, kookoshiutaleet, fariinisokeri tms. Paista kyps\u00e4ksi.<\/p>\n","protected":false},"author":1,"featured_media":0,"parent":154,"menu_order":2,"comment_status":"open","ping_status":"open","template":"","meta":{"footnotes":""},"_links":{"self":[{"href":"https:\/\/xn--kriinen-5waac.fi\/index.php?rest_route=\/wp\/v2\/pages\/168"}],"collection":[{"href":"https:\/\/xn--kriinen-5waac.fi\/index.php?rest_route=\/wp\/v2\/pages"}],"about":[{"href":"https:\/\/xn--kriinen-5waac.fi\/index.php?rest_route=\/wp\/v2\/types\/page"}],"author":[{"embeddable":true,"href":"https:\/\/xn--kriinen-5waac.fi\/index.php?rest_route=\/wp\/v2\/users\/1"}],"replies":[{"embeddable":true,"href":"https:\/\/xn--kriinen-5waac.fi\/index.php?rest_route=%2Fwp%2Fv2%2Fcomments&post=168"}],"version-history":[{"count":3,"href":"https:\/\/xn--kriinen-5waac.fi\/index.php?rest_route=\/wp\/v2\/pages\/168\/revisions"}],"predecessor-version":[{"id":250,"href":"https:\/\/xn--kriinen-5waac.fi\/index.php?rest_route=\/wp\/v2\/pages\/168\/revisions\/250"}],"up":[{"embeddable":true,"href":"https:\/\/xn--kriinen-5waac.fi\/index.php?rest_route=\/wp\/v2\/pages\/154"}],"wp:attachment":[{"href":"https:\/\/xn--kriinen-5waac.fi\/index.php?rest_route=%2Fwp%2Fv2%2Fmedia&parent=168"}],"curies":[{"name":"wp","href":"https:\/\/api.w.org\/{rel}","templated":true}]}}