{"id":182,"date":"2012-08-08T08:10:26","date_gmt":"2012-08-08T05:10:26","guid":{"rendered":"http:\/\/kaariainen.fi\/?page_id=182"},"modified":"2012-08-25T07:39:58","modified_gmt":"2012-08-25T04:39:58","slug":"sukujuhlakuvia","status":"publish","type":"page","link":"https:\/\/xn--kriinen-5waac.fi\/?page_id=182","title":{"rendered":"SUKUJUHLAKUVIA"},"content":{"rendered":"<p>Ensitunnelmia oikein onnistuneilta sukujuhliltamme Iisalmesta. Ritva Lappalaisen ikuistamia hetki\u00e4. Jos kell\u00e4 on lis\u00e4\u00e4 kuvia, l\u00e4hett\u00e4k\u00e4\u00e4 niit\u00e4 muidenkin katseltavaksi.<\/p>\n<p>Nyt Anneli Lipponen Lahdesta l\u00e4hetti muutaman kuva lis\u00e4\u00e4.<\/p>\n<div id='gallery-1' class='gallery galleryid-182 gallery-columns-4 gallery-size-thumbnail'><figure class='gallery-item'>\n\t\t\t<div class='gallery-icon landscape'>\n\t\t\t\t<a href='https:\/\/xn--kriinen-5waac.fi\/wp-content\/uploads\/2012\/08\/DSCN0510.jpg'><img width=\"150\" height=\"150\" src=\"https:\/\/xn--kriinen-5waac.fi\/wp-content\/uploads\/2012\/08\/DSCN0510-150x150.jpg\" class=\"attachment-thumbnail size-thumbnail\" alt=\"\" decoding=\"async\" loading=\"lazy\" \/><\/a>\n\t\t\t<\/div><\/figure><figure class='gallery-item'>\n\t\t\t<div class='gallery-icon landscape'>\n\t\t\t\t<a href='https:\/\/xn--kriinen-5waac.fi\/wp-content\/uploads\/2012\/08\/DSCN0509.jpg'><img width=\"150\" height=\"150\" src=\"https:\/\/xn--kriinen-5waac.fi\/wp-content\/uploads\/2012\/08\/DSCN0509-150x150.jpg\" class=\"attachment-thumbnail size-thumbnail\" alt=\"\" decoding=\"async\" loading=\"lazy\" \/><\/a>\n\t\t\t<\/div><\/figure><figure class='gallery-item'>\n\t\t\t<div class='gallery-icon landscape'>\n\t\t\t\t<a href='https:\/\/xn--kriinen-5waac.fi\/wp-content\/uploads\/2012\/08\/DSCN0512.jpg'><img width=\"150\" height=\"150\" src=\"https:\/\/xn--kriinen-5waac.fi\/wp-content\/uploads\/2012\/08\/DSCN0512-150x150.jpg\" class=\"attachment-thumbnail size-thumbnail\" alt=\"\" decoding=\"async\" loading=\"lazy\" \/><\/a>\n\t\t\t<\/div><\/figure><figure class='gallery-item'>\n\t\t\t<div class='gallery-icon landscape'>\n\t\t\t\t<a href='https:\/\/xn--kriinen-5waac.fi\/wp-content\/uploads\/2012\/08\/DSCN0518.jpg'><img width=\"150\" height=\"150\" src=\"https:\/\/xn--kriinen-5waac.fi\/wp-content\/uploads\/2012\/08\/DSCN0518-150x150.jpg\" class=\"attachment-thumbnail size-thumbnail\" alt=\"\" decoding=\"async\" loading=\"lazy\" \/><\/a>\n\t\t\t<\/div><\/figure><figure class='gallery-item'>\n\t\t\t<div class='gallery-icon landscape'>\n\t\t\t\t<a href='https:\/\/xn--kriinen-5waac.fi\/wp-content\/uploads\/2012\/08\/DSCN05091.jpg'><img width=\"150\" height=\"150\" src=\"https:\/\/xn--kriinen-5waac.fi\/wp-content\/uploads\/2012\/08\/DSCN05091-150x150.jpg\" class=\"attachment-thumbnail size-thumbnail\" alt=\"\" decoding=\"async\" loading=\"lazy\" \/><\/a>\n\t\t\t<\/div><\/figure><figure class='gallery-item'>\n\t\t\t<div class='gallery-icon portrait'>\n\t\t\t\t<a href='https:\/\/xn--kriinen-5waac.fi\/wp-content\/uploads\/2012\/08\/K\u00e4\u00e4ri\u00e4iset-001-e1345868796625.jpg'><img width=\"150\" height=\"150\" src=\"https:\/\/xn--kriinen-5waac.fi\/wp-content\/uploads\/2012\/08\/K\u00e4\u00e4ri\u00e4iset-001-e1345868796625-150x150.jpg\" class=\"attachment-thumbnail size-thumbnail\" alt=\"\" decoding=\"async\" loading=\"lazy\" \/><\/a>\n\t\t\t<\/div><\/figure><figure class='gallery-item'>\n\t\t\t<div class='gallery-icon landscape'>\n\t\t\t\t<a href='https:\/\/xn--kriinen-5waac.fi\/wp-content\/uploads\/2012\/08\/K\u00e4\u00e4ri\u00e4iset-002.jpg'><img width=\"150\" height=\"150\" src=\"https:\/\/xn--kriinen-5waac.fi\/wp-content\/uploads\/2012\/08\/K\u00e4\u00e4ri\u00e4iset-002-150x150.jpg\" class=\"attachment-thumbnail size-thumbnail\" alt=\"\" decoding=\"async\" loading=\"lazy\" \/><\/a>\n\t\t\t<\/div><\/figure><figure class='gallery-item'>\n\t\t\t<div class='gallery-icon portrait'>\n\t\t\t\t<a href='https:\/\/xn--kriinen-5waac.fi\/wp-content\/uploads\/2012\/08\/K\u00e4\u00e4ri\u00e4iset-004-e1345869082907.jpg'><img width=\"150\" height=\"150\" src=\"https:\/\/xn--kriinen-5waac.fi\/wp-content\/uploads\/2012\/08\/K\u00e4\u00e4ri\u00e4iset-004-e1345869082907-150x150.jpg\" class=\"attachment-thumbnail size-thumbnail\" alt=\"\" decoding=\"async\" loading=\"lazy\" \/><\/a>\n\t\t\t<\/div><\/figure><figure class='gallery-item'>\n\t\t\t<div class='gallery-icon landscape'>\n\t\t\t\t<a href='https:\/\/xn--kriinen-5waac.fi\/wp-content\/uploads\/2012\/08\/K\u00e4\u00e4ri\u00e4iset-005.jpg'><img width=\"150\" height=\"150\" src=\"https:\/\/xn--kriinen-5waac.fi\/wp-content\/uploads\/2012\/08\/K\u00e4\u00e4ri\u00e4iset-005-150x150.jpg\" class=\"attachment-thumbnail size-thumbnail\" alt=\"\" decoding=\"async\" loading=\"lazy\" \/><\/a>\n\t\t\t<\/div><\/figure>\n\t\t<\/div>\n\n<p>&nbsp;<\/p>\n<p>&nbsp;<\/p>\n","protected":false},"excerpt":{"rendered":"<p>Ensitunnelmia oikein onnistuneilta sukujuhliltamme Iisalmesta. Ritva Lappalaisen ikuistamia hetki\u00e4. Jos kell\u00e4 on lis\u00e4\u00e4 kuvia, l\u00e4hett\u00e4k\u00e4\u00e4 niit\u00e4 muidenkin katseltavaksi. Nyt Anneli Lipponen Lahdesta l\u00e4hetti muutaman kuva lis\u00e4\u00e4. &nbsp; &nbsp;<\/p>\n","protected":false},"author":3,"featured_media":0,"parent":50,"menu_order":1,"comment_status":"open","ping_status":"open","template":"","meta":{"footnotes":""},"_links":{"self":[{"href":"https:\/\/xn--kriinen-5waac.fi\/index.php?rest_route=\/wp\/v2\/pages\/182"}],"collection":[{"href":"https:\/\/xn--kriinen-5waac.fi\/index.php?rest_route=\/wp\/v2\/pages"}],"about":[{"href":"https:\/\/xn--kriinen-5waac.fi\/index.php?rest_route=\/wp\/v2\/types\/page"}],"author":[{"embeddable":true,"href":"https:\/\/xn--kriinen-5waac.fi\/index.php?rest_route=\/wp\/v2\/users\/3"}],"replies":[{"embeddable":true,"href":"https:\/\/xn--kriinen-5waac.fi\/index.php?rest_route=%2Fwp%2Fv2%2Fcomments&post=182"}],"version-history":[{"count":23,"href":"https:\/\/xn--kriinen-5waac.fi\/index.php?rest_route=\/wp\/v2\/pages\/182\/revisions"}],"predecessor-version":[{"id":202,"href":"https:\/\/xn--kriinen-5waac.fi\/index.php?rest_route=\/wp\/v2\/pages\/182\/revisions\/202"}],"up":[{"embeddable":true,"href":"https:\/\/xn--kriinen-5waac.fi\/index.php?rest_route=\/wp\/v2\/pages\/50"}],"wp:attachment":[{"href":"https:\/\/xn--kriinen-5waac.fi\/index.php?rest_route=%2Fwp%2Fv2%2Fmedia&parent=182"}],"curies":[{"name":"wp","href":"https:\/\/api.w.org\/{rel}","templated":true}]}}