{"id":19,"date":"2012-04-06T14:52:02","date_gmt":"2012-04-06T11:52:02","guid":{"rendered":"http:\/\/kaariainen.fi\/?page_id=19"},"modified":"2022-05-31T20:36:33","modified_gmt":"2022-05-31T17:36:33","slug":"sukupatsas","status":"publish","type":"page","link":"https:\/\/xn--kriinen-5waac.fi\/?page_id=19","title":{"rendered":"Sukupatsas"},"content":{"rendered":"<div id=\"content\">\n<p><a href=\"https:\/\/xn--kriinen-5waac.fi\/wp-content\/uploads\/2019\/10\/kivi.jpg\"><img decoding=\"async\" loading=\"lazy\" class=\"alignleft\" title=\"Sukupatsas\" src=\"https:\/\/xn--kriinen-5waac.fi\/kivipieni.jpg\" alt=\"\" width=\"110\" height=\"100\" \/><\/a><\/p>\n<p>K\u00e4\u00e4ri\u00e4isten Sukuseuran vuonna 1947 pidetyn sukukokouksen merkkitapahtuma oli sukupatsaan paljastus\u00a0Kirman K\u00e4\u00e4ri\u00e4l\u00e4ss\u00e4. Sukupatsaan on suunnitellut taiteilija Reino Martikainen, ja sen rakensivat Olli K\u00e4\u00e4ri\u00e4inen, V\u00e4in\u00f6 K\u00e4\u00e4ri\u00e4inen ja Erkki Kek\u00e4l\u00e4inen. Patsaassa olevan kuparisen laatan tekstin:<em>&#8221;K\u00e4\u00e4ri\u00e4inen &#8211; \u00c4l\u00e4 hylk\u00e4\u00e4 isiesi raivaamaa pyh\u00e4\u00e4 maata&#8221;\u00a0<\/em>on suunnitellut Emil K\u00e4\u00e4ri\u00e4inen Oulusta.<\/p>\n<\/div>\n<div id=\"footer\">(klikkaa kuvaa n\u00e4hd\u00e4ksesi tarkemman kuvan sukupatsaasta)<\/div>\n<div><\/div>\n","protected":false},"excerpt":{"rendered":"<p>K\u00e4\u00e4ri\u00e4isten Sukuseuran vuonna 1947 pidetyn sukukokouksen merkkitapahtuma oli sukupatsaan paljastus\u00a0Kirman K\u00e4\u00e4ri\u00e4l\u00e4ss\u00e4. Sukupatsaan on suunnitellut taiteilija Reino Martikainen, ja sen rakensivat Olli K\u00e4\u00e4ri\u00e4inen, V\u00e4in\u00f6 K\u00e4\u00e4ri\u00e4inen ja Erkki Kek\u00e4l\u00e4inen. Patsaassa olevan kuparisen laatan tekstin:&#8221;K\u00e4\u00e4ri\u00e4inen &#8211; \u00c4l\u00e4 hylk\u00e4\u00e4 isiesi raivaamaa pyh\u00e4\u00e4 maata&#8221;\u00a0on suunnitellut Emil K\u00e4\u00e4ri\u00e4inen Oulusta. (klikkaa kuvaa n\u00e4hd\u00e4ksesi tarkemman kuvan sukupatsaasta)<\/p>\n","protected":false},"author":1,"featured_media":0,"parent":573,"menu_order":2,"comment_status":"closed","ping_status":"open","template":"","meta":{"footnotes":""},"_links":{"self":[{"href":"https:\/\/xn--kriinen-5waac.fi\/index.php?rest_route=\/wp\/v2\/pages\/19"}],"collection":[{"href":"https:\/\/xn--kriinen-5waac.fi\/index.php?rest_route=\/wp\/v2\/pages"}],"about":[{"href":"https:\/\/xn--kriinen-5waac.fi\/index.php?rest_route=\/wp\/v2\/types\/page"}],"author":[{"embeddable":true,"href":"https:\/\/xn--kriinen-5waac.fi\/index.php?rest_route=\/wp\/v2\/users\/1"}],"replies":[{"embeddable":true,"href":"https:\/\/xn--kriinen-5waac.fi\/index.php?rest_route=%2Fwp%2Fv2%2Fcomments&post=19"}],"version-history":[{"count":16,"href":"https:\/\/xn--kriinen-5waac.fi\/index.php?rest_route=\/wp\/v2\/pages\/19\/revisions"}],"predecessor-version":[{"id":642,"href":"https:\/\/xn--kriinen-5waac.fi\/index.php?rest_route=\/wp\/v2\/pages\/19\/revisions\/642"}],"up":[{"embeddable":true,"href":"https:\/\/xn--kriinen-5waac.fi\/index.php?rest_route=\/wp\/v2\/pages\/573"}],"wp:attachment":[{"href":"https:\/\/xn--kriinen-5waac.fi\/index.php?rest_route=%2Fwp%2Fv2%2Fmedia&parent=19"}],"curies":[{"name":"wp","href":"https:\/\/api.w.org\/{rel}","templated":true}]}}