{"id":2,"date":"2012-04-06T11:00:19","date_gmt":"2012-04-06T11:00:19","guid":{"rendered":"http:\/\/kaariainen.fi\/?page_id=2"},"modified":"2025-09-15T19:33:35","modified_gmt":"2025-09-15T16:33:35","slug":"esimerkkisivu","status":"publish","type":"page","link":"https:\/\/xn--kriinen-5waac.fi\/","title":{"rendered":"Etusivu"},"content":{"rendered":"<h2>Tervetuloa sukuseuran sivuille!<\/h2>\n<p>K\u00e4\u00e4ri\u00e4isten Sukuseura ry on perustettu<strong> 28.-29. 6. 1947<\/strong> Iisalmessa Kirman K\u00e4\u00e4ri\u00e4l\u00e4ss\u00e4\u00a0(kansanedustaja <strong>Seppo K\u00e4\u00e4ri\u00e4isen<\/strong> koti nykyisin) vietetyss\u00e4 ensimm\u00e4isess\u00e4 sukukokouksessa.<\/p>\n<p>Sukuseuran perustajaj\u00e4seni\u00e4 olivat opettaja <strong>Fredrik K\u00e4\u00e4ri\u00e4inen<\/strong> Kajaanista, kenraalimajuri <strong>Antti K\u00e4\u00e4ri\u00e4inen<\/strong> Kuopiosta, maanviljelij\u00e4 <strong>Aatu K\u00e4\u00e4ri\u00e4inen<\/strong> Iisalmesta, opettaja <strong>Emil K\u00e4\u00e4ri\u00e4inen<\/strong> Oulusta sek\u00e4 filosofian maisteri<strong> Erkki K\u00e4\u00e4ri\u00e4inen<\/strong> Helsingist\u00e4.<\/p>\n<p>Sukuseuran tarkoituksena on mm. yll\u00e4pit\u00e4\u00e4 yhteytt\u00e4 K\u00e4\u00e4ri\u00e4isten suvun eri sukuhaarojen v\u00e4lill\u00e4, tutustuttaa suvun j\u00e4seni\u00e4 toisiinsa, hankkia, j\u00e4rjest\u00e4\u00e4 ja tallettaa tietoja tuleville sukupolville sek\u00e4 v\u00e4litt\u00e4\u00e4 sukua koskevaa aineistoa suvun j\u00e4senille.<\/p>\n<p>Sukuseuran <em>j\u00e4seneksi voidaan hyv\u00e4ksy\u00e4 jokainen joka polveutuu K\u00e4\u00e4ri\u00e4isen suvun esi-is\u00e4st\u00e4<\/em> tai <em>joka avioliiton kautta on t\u00e4h\u00e4n sukuun liittynyt<\/em>. Katso liittymisohjeet <strong><a title=\"Yhteystiedot\" href=\"https:\/\/xn--kriinen-5waac.fi\/?page_id=41\">Yhteystiedot<\/a><\/strong>-sivulta.<\/p>\n<p><em>J\u00e4senmaksun (25 \u20ac) voit maksaa tilille K\u00e4\u00e4ri\u00e4isten sukuseura r.y \u00a0<strong>FI84 5068 0640 1106 05<\/strong><\/em><\/p>\n<p>Sivuille julkaistavaksi tarkoitettua materiaalia voi l\u00e4hett\u00e4\u00e4 s\u00e4hk\u00f6postitse osoitteeseen <a href=\"mailto:markus.koskela@me.com\">markus.koskela@me.com<\/a>.<\/p>\n\n\n<p><\/p>\n","protected":false},"excerpt":{"rendered":"<p>Tervetuloa sukuseuran sivuille! K\u00e4\u00e4ri\u00e4isten Sukuseura ry on perustettu 28.-29. 6. 1947 Iisalmessa Kirman K\u00e4\u00e4ri\u00e4l\u00e4ss\u00e4\u00a0(kansanedustaja Seppo K\u00e4\u00e4ri\u00e4isen koti nykyisin) vietetyss\u00e4 ensimm\u00e4isess\u00e4 sukukokouksessa. Sukuseuran perustajaj\u00e4seni\u00e4 olivat opettaja Fredrik K\u00e4\u00e4ri\u00e4inen Kajaanista, kenraalimajuri Antti K\u00e4\u00e4ri\u00e4inen Kuopiosta, maanviljelij\u00e4 Aatu K\u00e4\u00e4ri\u00e4inen Iisalmesta, opettaja Emil K\u00e4\u00e4ri\u00e4inen Oulusta sek\u00e4 filosofian maisteri Erkki K\u00e4\u00e4ri\u00e4inen Helsingist\u00e4. Sukuseuran tarkoituksena on mm. yll\u00e4pit\u00e4\u00e4 yhteytt\u00e4 K\u00e4\u00e4ri\u00e4isten suvun eri &hellip;<\/p>\n<p class=\"read-more\"> <a class=\"\" href=\"https:\/\/xn--kriinen-5waac.fi\/\"> <span class=\"screen-reader-text\">Etusivu<\/span> Lue lis\u00e4\u00e4 &raquo;<\/a><\/p>\n","protected":false},"author":1,"featured_media":0,"parent":0,"menu_order":0,"comment_status":"closed","ping_status":"closed","template":"","meta":{"footnotes":""},"_links":{"self":[{"href":"https:\/\/xn--kriinen-5waac.fi\/index.php?rest_route=\/wp\/v2\/pages\/2"}],"collection":[{"href":"https:\/\/xn--kriinen-5waac.fi\/index.php?rest_route=\/wp\/v2\/pages"}],"about":[{"href":"https:\/\/xn--kriinen-5waac.fi\/index.php?rest_route=\/wp\/v2\/types\/page"}],"author":[{"embeddable":true,"href":"https:\/\/xn--kriinen-5waac.fi\/index.php?rest_route=\/wp\/v2\/users\/1"}],"replies":[{"embeddable":true,"href":"https:\/\/xn--kriinen-5waac.fi\/index.php?rest_route=%2Fwp%2Fv2%2Fcomments&post=2"}],"version-history":[{"count":50,"href":"https:\/\/xn--kriinen-5waac.fi\/index.php?rest_route=\/wp\/v2\/pages\/2\/revisions"}],"predecessor-version":[{"id":709,"href":"https:\/\/xn--kriinen-5waac.fi\/index.php?rest_route=\/wp\/v2\/pages\/2\/revisions\/709"}],"wp:attachment":[{"href":"https:\/\/xn--kriinen-5waac.fi\/index.php?rest_route=%2Fwp%2Fv2%2Fmedia&parent=2"}],"curies":[{"name":"wp","href":"https:\/\/api.w.org\/{rel}","templated":true}]}}