{"id":25,"date":"2012-04-06T18:29:06","date_gmt":"2012-04-06T15:29:06","guid":{"rendered":"http:\/\/kaariainen.fi\/?page_id=25"},"modified":"2019-10-11T21:11:21","modified_gmt":"2019-10-11T18:11:21","slug":"suvun-vaiheita","status":"publish","type":"page","link":"https:\/\/xn--kriinen-5waac.fi\/?page_id=25","title":{"rendered":"Suvun vaiheita"},"content":{"rendered":"<ul>\n<li><a href=\"https:\/\/xn--kriinen-5waac.fi\/muolaan.html\">Muolaan ja Anttolan kautta Kirman rannoille.<\/a>&nbsp;FT Anja T\u0161okkisen (o. s. K\u00e4\u00e4ri\u00e4isen) esitelm\u00e4 22.7.1984 K\u00e4\u00e4ri\u00e4isten Sukuseura ry:n juhlassa Iisalmen seurakunnan Mets\u00e4pirtin leirikeskuksessa.<\/li>\n<li><a href=\"https:\/\/xn--kriinen-5waac.fi\/wp-content\/uploads\/2012\/08\/K\u00e4\u00e4ri\u00e4isten-sukututkimus.docx\">K\u00e4\u00e4ri\u00e4istutkimuksia ja -tutkijoita<\/a> (MS Word -tiedosto). FT Anja T\u0161okkisen 4.8.2012 pidettyyn sukujuhlaan tekem\u00e4 K\u00e4\u00e4ri\u00e4isten sukututkimusta ja -tutkijoita esittelev\u00e4 luettelo.<\/li>\n<\/ul>\n","protected":false},"excerpt":{"rendered":"<p>Muolaan ja Anttolan kautta Kirman rannoille.&nbsp;FT Anja T\u0161okkisen (o. s. K\u00e4\u00e4ri\u00e4isen) esitelm\u00e4 22.7.1984 K\u00e4\u00e4ri\u00e4isten Sukuseura ry:n juhlassa Iisalmen seurakunnan Mets\u00e4pirtin leirikeskuksessa. K\u00e4\u00e4ri\u00e4istutkimuksia ja -tutkijoita (MS Word -tiedosto). FT Anja T\u0161okkisen 4.8.2012 pidettyyn sukujuhlaan tekem\u00e4 K\u00e4\u00e4ri\u00e4isten sukututkimusta ja -tutkijoita esittelev\u00e4 luettelo.<\/p>\n","protected":false},"author":1,"featured_media":0,"parent":573,"menu_order":4,"comment_status":"open","ping_status":"open","template":"","meta":{"footnotes":""},"_links":{"self":[{"href":"https:\/\/xn--kriinen-5waac.fi\/index.php?rest_route=\/wp\/v2\/pages\/25"}],"collection":[{"href":"https:\/\/xn--kriinen-5waac.fi\/index.php?rest_route=\/wp\/v2\/pages"}],"about":[{"href":"https:\/\/xn--kriinen-5waac.fi\/index.php?rest_route=\/wp\/v2\/types\/page"}],"author":[{"embeddable":true,"href":"https:\/\/xn--kriinen-5waac.fi\/index.php?rest_route=\/wp\/v2\/users\/1"}],"replies":[{"embeddable":true,"href":"https:\/\/xn--kriinen-5waac.fi\/index.php?rest_route=%2Fwp%2Fv2%2Fcomments&post=25"}],"version-history":[{"count":8,"href":"https:\/\/xn--kriinen-5waac.fi\/index.php?rest_route=\/wp\/v2\/pages\/25\/revisions"}],"predecessor-version":[{"id":578,"href":"https:\/\/xn--kriinen-5waac.fi\/index.php?rest_route=\/wp\/v2\/pages\/25\/revisions\/578"}],"up":[{"embeddable":true,"href":"https:\/\/xn--kriinen-5waac.fi\/index.php?rest_route=\/wp\/v2\/pages\/573"}],"wp:attachment":[{"href":"https:\/\/xn--kriinen-5waac.fi\/index.php?rest_route=%2Fwp%2Fv2%2Fmedia&parent=25"}],"curies":[{"name":"wp","href":"https:\/\/api.w.org\/{rel}","templated":true}]}}