{"id":252,"date":"2012-09-03T23:38:40","date_gmt":"2012-09-03T20:38:40","guid":{"rendered":"http:\/\/kaariainen.fi\/?page_id=252"},"modified":"2012-10-03T17:27:16","modified_gmt":"2012-10-03T14:27:16","slug":"leivonta","status":"publish","type":"page","link":"https:\/\/xn--kriinen-5waac.fi\/?page_id=252","title":{"rendered":"Leivonta"},"content":{"rendered":"<h1><\/h1>\n<h1><strong><span style=\"font-size: medium;\"> Styfin mummon vaalea joululeip\u00e4<\/span><\/strong><\/h1>\n<p><span style=\"font-size: medium;\">Mummo asui Iisalmessa Kyllikinkadulla Elli-t\u00e4din kanssa ja leipoi t\u00e4t\u00e4 valkoista\u00a0<\/span><span style=\"font-size: medium;\">leip\u00e4\u00e4 jouluksi koko suvulle.<\/span><\/p>\n<p><strong><em><span style=\"font-size: medium; color: #0000ff;\">1 litra vett\u00e4 (k\u00e4denl\u00e4mp\u00f6ist\u00e4<\/span><\/em><\/strong><\/p>\n<p><strong><em><span style=\"font-size: medium; color: #0000ff;\">50 g hiivaa<\/span><\/em><\/strong><\/p>\n<p><strong><em><span style=\"font-size: medium; color: #0000ff;\"> vehn\u00e4jauhoja (karkeita) silm\u00e4m\u00e4\u00e4r\u00e4ll\u00e4\u00a0<\/span><\/em><\/strong><\/p>\n<p><strong><em><span style=\"font-size: medium; color: #0000ff;\"> kohota ensimm\u00e4isen kerran\u00a0<\/span><\/em><\/strong><\/p>\n<p><strong><em><span style=\"font-size: medium; color: #0000ff;\">pala voita sulata sekaan<\/span><\/em><\/strong><\/p>\n<p><strong><em><span style=\"color: #0000ff;\"><span style=\"font-size: medium;\"> siirappia 3-4 ruokalusikkaa<\/span><span style=\"font-size: medium;\">\u00a0<\/span><\/span><\/em><\/strong><\/p>\n<p><strong><em><span style=\"font-size: medium; color: #0000ff;\">3 tl suolaa (tasap\u00e4ist\u00e4)<\/span><\/em><\/strong><\/p>\n<p><span style=\"font-size: medium;\">Alusta taikinaksi<\/span><\/p>\n<p><span style=\"font-size: medium;\"> Kohota l\u00e4mpim\u00e4ss\u00e4 toisen kerran.<\/span><\/p>\n<p><span style=\"font-size: medium;\"> Paista keskil\u00e4mm\u00f6ll\u00e4.<\/span><\/p>\n<p><span style=\"font-size: medium;\"> Voitele sokerikahvilla pinta,<\/span><\/p>\n","protected":false},"excerpt":{"rendered":"<p>Styfin mummon vaalea joululeip\u00e4 Mummo asui Iisalmessa Kyllikinkadulla Elli-t\u00e4din kanssa ja leipoi t\u00e4t\u00e4 valkoista\u00a0leip\u00e4\u00e4 jouluksi koko suvulle. 1 litra vett\u00e4 (k\u00e4denl\u00e4mp\u00f6ist\u00e4 50 g hiivaa vehn\u00e4jauhoja (karkeita) silm\u00e4m\u00e4\u00e4r\u00e4ll\u00e4\u00a0 kohota ensimm\u00e4isen kerran\u00a0 pala voita sulata sekaan siirappia 3-4 ruokalusikkaa\u00a0 3 tl suolaa (tasap\u00e4ist\u00e4) Alusta taikinaksi Kohota l\u00e4mpim\u00e4ss\u00e4 toisen kerran. Paista keskil\u00e4mm\u00f6ll\u00e4. Voitele sokerikahvilla pinta,<\/p>\n","protected":false},"author":3,"featured_media":0,"parent":154,"menu_order":8,"comment_status":"open","ping_status":"open","template":"","meta":{"footnotes":""},"_links":{"self":[{"href":"https:\/\/xn--kriinen-5waac.fi\/index.php?rest_route=\/wp\/v2\/pages\/252"}],"collection":[{"href":"https:\/\/xn--kriinen-5waac.fi\/index.php?rest_route=\/wp\/v2\/pages"}],"about":[{"href":"https:\/\/xn--kriinen-5waac.fi\/index.php?rest_route=\/wp\/v2\/types\/page"}],"author":[{"embeddable":true,"href":"https:\/\/xn--kriinen-5waac.fi\/index.php?rest_route=\/wp\/v2\/users\/3"}],"replies":[{"embeddable":true,"href":"https:\/\/xn--kriinen-5waac.fi\/index.php?rest_route=%2Fwp%2Fv2%2Fcomments&post=252"}],"version-history":[{"count":8,"href":"https:\/\/xn--kriinen-5waac.fi\/index.php?rest_route=\/wp\/v2\/pages\/252\/revisions"}],"predecessor-version":[{"id":254,"href":"https:\/\/xn--kriinen-5waac.fi\/index.php?rest_route=\/wp\/v2\/pages\/252\/revisions\/254"}],"up":[{"embeddable":true,"href":"https:\/\/xn--kriinen-5waac.fi\/index.php?rest_route=\/wp\/v2\/pages\/154"}],"wp:attachment":[{"href":"https:\/\/xn--kriinen-5waac.fi\/index.php?rest_route=%2Fwp%2Fv2%2Fmedia&parent=252"}],"curies":[{"name":"wp","href":"https:\/\/api.w.org\/{rel}","templated":true}]}}