{"id":28,"date":"2012-04-06T18:31:08","date_gmt":"2012-04-06T15:31:08","guid":{"rendered":"http:\/\/kaariainen.fi\/?page_id=28"},"modified":"2019-10-11T21:17:30","modified_gmt":"2019-10-11T18:17:30","slug":"seuran-saannot","status":"publish","type":"page","link":"https:\/\/xn--kriinen-5waac.fi\/?page_id=28","title":{"rendered":"Seuran s\u00e4\u00e4nn\u00f6t"},"content":{"rendered":"<div id=\"content\">\n<h2>K\u00e4\u00e4ri\u00e4isten Sukuseura ry:n s\u00e4\u00e4nn\u00f6t<\/h2>\n<p>&nbsp;<\/p>\n<h6 style=\"text-align: center;\">1 \u00a7.<\/h6>\n<p><center><\/center>Yhdistyksen nimi on&nbsp;<strong>K\u00e4\u00e4ri\u00e4isten<\/strong>&nbsp;Sukuseura r.y. ja kotipaikka Iisalmen maalaiskunta.<\/p>\n<h6 style=\"text-align: center;\">2 \u00a7.<\/h6>\n<p><center><\/center>K\u00e4\u00e4ri\u00e4isten sukuseuran tarkoituksena on yll\u00e4pit\u00e4\u00e4 yhteytt\u00e4 K\u00e4\u00e4ri\u00e4isten suvun eri sukuhaarojen v\u00e4lill\u00e4 ottaen huomioon suvun sek\u00e4 miespuolisten, ett\u00e4 naispuolisten j\u00e4senten j\u00e4lkel\u00e4iset ja heid\u00e4n aviopuolisonsa, tutustuttaa suvun j\u00e4seni\u00e4 toisiinsa, hankkia, j\u00e4rjest\u00e4\u00e4 ja tuleville sukupolville tallettaa tietoja, kirjallisia kuvauksia sek\u00e4 valokuvia ja muuta kuva-aineistoa suvun ja sen j\u00e4senten vaiheista, laatia sukutauluja, v\u00e4litt\u00e4\u00e4 sukua koskevaa aineistoaa suvun j\u00e4senille ja johtokunnan suostumuksella muillekin, mahdollisuuksien mukaan koota ja tallettaa sukumuistoesineit\u00e4, panna toimeen sukukokouksia, -juhlia ja retkeilyj\u00e4, lujittaa sukuhengen ja sukukunnian tuntoa suvun j\u00e4seniss\u00e4 tueksi heid\u00e4n el\u00e4m\u00e4nkohtaloihinsa sek\u00e4, jos varat sallivat, my\u00f6s stipendein auttaa seuran j\u00e4senten omatoimisia harrastuksia henkisen tai taloudellisen toimintapohjan lujittamiseksi ja taloudellisesti tukea ahdingossa olevien suvun j\u00e4senten toimeentuloa.<\/p>\n<p>Seura asettaa tarkoituksen toteuttamiseksi mahdollisuuden mukaan paikallistoimikuntia maan eri osiin.<\/p>\n<p>Seuran hallitus pit\u00e4\u00e4 yhteytt\u00e4 paikallistoimikuntiin sek\u00e4 seuran j\u00e4seniin kiertokirjeiden ja julkaisijen v\u00e4lityksell\u00e4, paitsi mit\u00e4 vuosi- ja sukukokouksista erikseen s\u00e4\u00e4nn\u00f6iss\u00e4 m\u00e4\u00e4r\u00e4t\u00e4\u00e4n.<\/p>\n<h6 style=\"text-align: center;\">3 \u00a7.<\/h6>\n<p><center><\/center>Seuran j\u00e4seneksi p\u00e4\u00e4sev\u00e4t is\u00e4ns\u00e4 tai \u00e4itins\u00e4 puolelta K\u00e4\u00e4ri\u00e4isist\u00e4 polveutuvat sek\u00e4 ne henkil\u00f6t, jotka ovat tai ovat olleet naimisissa jonkun K\u00e4\u00e4ri\u00e4isist\u00e4 polveutuvan kanssa. N\u00e4m\u00e4 kaikki katsotaan suvun j\u00e4seniksi.<\/p>\n<p>J\u00e4seniksi haluavan on j\u00e4tett\u00e4v\u00e4 kirjallinen pyynt\u00f6, jossa on selvitett\u00e4v\u00e4, mill\u00e4 tavoin hakija on suvun j\u00e4sen. Anomuksen ratkaisee seuran johtokunta. Hyv\u00e4ksyminen tulee voimaan sitten, kun ensimm\u00e4inen maksuvelvollisuus on t\u00e4ytetty. J\u00e4senyys lakkaa kuoleman, eron tai erottamisen johdosta. Eron saa pyyt\u00e4m\u00e4ll\u00e4 sit\u00e4 kirjallisesti yhdistyksen johtokunnalta tai sen puheenjohtajalta tai ilmoittamalla suullisesti kokouksen p\u00f6yt\u00e4kirjaan. J\u00e4sen voidaan eroittaa seurasta, jos h\u00e4n on huomattavalla tavalla loukannut suvun kunniaa tai siihen on muutoin t\u00e4rke\u00e4 syy olemassa. Eroittamisesta p\u00e4\u00e4tt\u00e4\u00e4 johtokunta, kuitenkin niin, ett\u00e4 erotetulla on oikeus hakea kirjallisesti muutosta p\u00e4\u00e4t\u00f6kseen kolmenkymmenen p\u00e4iv\u00e4n kuluessa p\u00e4\u00e4t\u00f6ksest\u00e4 tiedon saatuaan; seuran l\u00e4hin vuosikokous ratkaiseen asian t\u00e4llaisessa tapauksessa. J\u00e4sen, joka ei suorita j\u00e4senmaksua m\u00e4\u00e4r\u00e4vuotena, menett\u00e4\u00e4 \u00e4\u00e4nioikeutensa seuraavaksi kalenterivuodeksi, ellei h\u00e4n silloinkaan t\u00e4yt\u00e4 t\u00e4t\u00e4 velvollisuuttaan, erottaa johtokunta h\u00e4net seurasta.<\/p>\n<p>J\u00e4senmaksujen suuruuden m\u00e4\u00e4r\u00e4\u00e4 seuran vuosikokous.<\/p>\n<p>J\u00e4senten erikoisteht\u00e4v\u00e4n\u00e4 on kirjallisesti ilmoittaa seuran arkistoon kaikista perheess\u00e4 tapahtuvista muutoksista, koskivatpa ne syntym\u00e4\u00e4 tai kuolemaa, mahdollisuuksien mukaan varustettuna virallisella todistuksella.<\/p>\n<h6 style=\"text-align: center;\">4 \u00a7.<\/h6>\n<p><center><\/center>Erikoisesti ansioituneita seuran j\u00e4seni\u00e4 voi sukukokous johtokunnan ja vuosikokouksen yhteisest\u00e4 ehdotuksesta valita seuran kunniaj\u00e4seneksi.<\/p>\n<h6 style=\"text-align: center;\">5 \u00a7.<\/h6>\n<p><center><\/center>Seuran vuosikokous pidet\u00e4\u00e4n kerran vuodessa, helmi-maaliskuussa. Sen ajan ja paikan m\u00e4\u00e4r\u00e4\u00e4 tarkemmin seuran johtokunta, joka julkaisee kokouskutsun ainakin kahdessa p\u00e4\u00e4kaupungin sanomalehdess\u00e4 sek\u00e4 Iisalmessa ett\u00e4 Kuopiossa ilmestyviss\u00e4 lehdiss\u00e4 harkintansa mukaan v\u00e4hint\u00e4\u00e4n kaksi viikkoa ennen kokousta. Muut seuran kokouksen sukukokousta lukuunottamatta kutsutaan koolle samalla tavalla. Kokouskutsuissa on huomioitava yhdistyslain 14 \u00a7:n m\u00e4\u00e4r\u00e4ykset.<\/p>\n<p>Seuran voi kutsua koolle my\u00f6s seuran johtokunta, jos kymmenen \u00e4\u00e4nioikeutettua j\u00e4sent\u00e4 sit\u00e4 vaatii ilmoittaen samalla sen tarkoituksen.<\/p>\n<p>Vuosikokouksen avaa puheenjohtaja ja sen j\u00e4lkeen k\u00e4sitell\u00e4\u00e4n seuraavat asiat:<\/p>\n<ol>\n<li>valitaan kokouksen puheenjohtaja ja sihteeri,<\/li>\n<li>esitell\u00e4\u00e4n johtokunnan vuosikertomus edelliselt\u00e4 kalenterivuodelta sek\u00e4 seuran tilit samalta ajalta ja tilintarkastajan lausunto,<\/li>\n<li>p\u00e4\u00e4tet\u00e4\u00e4n tilinp\u00e4\u00e4t\u00f6ksen vahvistamisesta ja tili- ja vastuuvapauden my\u00f6nt\u00e4misest\u00e4 johtokunnalle ja taloudenhoitajalle,<\/li>\n<li>m\u00e4\u00e4r\u00e4t\u00e4\u00e4n johtokunnan j\u00e4senten palkkiot,<\/li>\n<li>p\u00e4\u00e4tet\u00e4\u00e4n j\u00e4senmaksujen suuruudesta,<\/li>\n<li>valitaan seuran johtokunta, johon kuuluu viisi j\u00e4sent\u00e4: puheenjohtaja, varapuheenjohtaja, sihteeri, taloudenhoitaja sek\u00e4 viides j\u00e4sen. Lis\u00e4ksi on johtokuntaan valittava kaksi varaj\u00e4sent\u00e4.<\/li>\n<li>valitaan kaksi tilintarkastajaa kuluvan vuoden tilej\u00e4 tarkastamaan ja heille varamiehet,<\/li>\n<li>k\u00e4sitell\u00e4\u00e4n johtokunnan laatima seuraavan vuoden toimintasuunnitelma ja talousarvio,<\/li>\n<li>k\u00e4sitell\u00e4\u00e4n muut johtokunnan sek\u00e4 paikallistoimikuntien ja j\u00e4senten tekem\u00e4t ehdotukset,<\/li>\n<li>valitaan kokouksessa l\u00e4sn\u00e4 olleista kaksi j\u00e4sent\u00e4 tarkastamaan kokouksen p\u00f6yt\u00e4kirjan.<\/li>\n<li>valitaan suvun vanhin.<\/li>\n<\/ol>\n<p>Vuosikokoukselle tarkoitetut 9:ss\u00e4 kohdassa mainutut ehdotukset on j\u00e4tett\u00e4v\u00e4 tai l\u00e4hetett\u00e4v\u00e4 puheenjohtajalle viimeist\u00e4\u00e4n kahta viikkoa ennen kokousta. N\u00e4ihin liitt\u00e4k\u00f6\u00f6n johtokunta oman lausuntonsa.<\/p>\n<p>Seuran kaikissa kokouksissa on kullakin 18 vuotta t\u00e4ytt\u00e4neell\u00e4 j\u00e4senmaksunsa suorittaneella j\u00e4senell\u00e4 yksi \u00e4\u00e4ni. Poissa oleva saakoon valtakirjalla siirt\u00e4\u00e4 \u00e4\u00e4nioikeutensa l\u00e4sn\u00e4olevalle \u00e4\u00e4nioikeutetulle.<\/p>\n<p>\u00c4\u00e4nten menness\u00e4 tasan ratkaisee puheenjohtajan \u00e4\u00e4ni paitsi vaaleissa arpa.<\/p>\n<h6 style=\"text-align: center;\">6 \u00a7.<\/h6>\n<p><center><\/center>Yhdistyst\u00e4 edustaa sen lainmukaisena hallituksena vuodeksi kerrallaan valittu johtokunta, johon kuuluu 5 varsinaista sek\u00e4 2 varaj\u00e4sent\u00e4.<\/p>\n<p>Johtokunta on p\u00e4\u00e4t\u00f6svaltainen, jos v\u00e4hint\u00e4\u00e4n kolme sen j\u00e4senist\u00e4 on saapuvilla. \u00c4\u00e4nten menness\u00e4 tasan on puheenjohtajan \u00e4\u00e4ni ratkaiseva.<\/p>\n<p>Seuran nimen kirjoittaa joko puheenjohtaja tai varapuheenjohtaja, siis yksi n\u00e4ist\u00e4 joko sihteerin tai taloudenhoitajan kanssa.<\/p>\n<p>Toimiston- ja arkistonhoitajan sek\u00e4 muut tarpeelliset toimihenkil\u00f6t valitsee johtokunta sek\u00e4 m\u00e4\u00e4r\u00e4\u00e4 heille palkat tai palkkiot.<\/p>\n<p>Johtokunta panee t\u00e4yt\u00e4nt\u00f6\u00f6n sukukokouksen ja vuosikokouksen p\u00e4\u00e4t\u00f6kset sek\u00e4 n\u00e4iden s\u00e4\u00e4nt\u00f6jen 2 \u00a7:ssa mainitut asiat, kutsuu suku- ja vuosikokoukset ja muut kokoukset sek\u00e4 valmistaa niiden ohjelman.<\/p>\n<p>Johtokunnan kutsuu koolle puheenjohtaja tai h\u00e4nen ollessaan estetty varapuheenjohtaja, joka johtaa puhetta sen kokouksessa sek\u00e4 j\u00e4t\u00e4\u00e4 taloudenhoitajan laatiman tilinp\u00e4\u00e4t\u00f6ksen seuran ja sen johtokunnan kokousten p\u00f6yt\u00e4kirjojen kerra seuran tilintarkastajille viimeist\u00e4\u00e4n helmikuun 5 p\u00e4v\u00e4n\u00e4.<\/p>\n<p>Sihteeri esitt\u00e4\u00e4 asiat johtokunnan kokouksissa, kirjoittaa p\u00f6yt\u00e4kirjan, joka tarkastetaan samassa kokouksessa tai seuraavan johtokunnan kokouksen p\u00f6yt\u00e4kirjaan tehd\u00e4\u00e4n merkint\u00e4, ett\u00e4 edellisen kokouksen p\u00f6yt\u00e4kirja tarkastettiin, ja hoitaa johtokunnan m\u00e4\u00e4r\u00e4\u00e4m\u00e4t teht\u00e4v\u00e4t.<\/p>\n<p>Taloudenhoitaja hoitaa seuran rahavarat, vastaabottaa toimiston- ja arkistonhoitajan kokoamat j\u00e4senmaksut, vastaanottaa my\u00f6s muut tulot ja suorittaa johtokunnan p\u00e4\u00e4t\u00f6sten mukaisesti menot sek\u00e4 laatii tilinp\u00e4\u00e4t\u00f6ksen kalenterivuosittain ja j\u00e4tt\u00e4\u00e4 sen johtokunnan puheenjohtajalle viimeist\u00e4\u00e4n helmikuun 1 p\u00e4iv\u00e4n\u00e4.<\/p>\n<p>Toimiston- ja arkistonhoitaja pit\u00e4\u00e4 suvun j\u00e4senist\u00e4 kortistoa, ottaa vastaan j\u00e4senten ilmoitukset heid\u00e4n perheiss\u00e4\u00e4n tapahtuneista muutoksista, j\u00e4rjest\u00e4\u00e4 ja tallettaa nesek\u00e4 pit\u00e4\u00e4 n\u00e4iden avulla ja muutoin sukukroniikkaa, johon h\u00e4n merkitsee kaikki sukua koskevat, h\u00e4nen tietoonsa tulleet mainitsemisen arvoiset tapahtumat, pit\u00e4\u00e4 j\u00e4senluetteloa johtokunnan puolesta, kantaa taloudenhoitajan avustamana j\u00e4senmaksuja ja muita maksuja sek\u00e4 hoitaa kirjeenvaihdon ja muut toimistolle ja arkistolle sopivat teht\u00e4v\u00e4t.<\/p>\n<p>Tilintarkastajain tulee j\u00e4tt\u00e4\u00e4 tilintarkastuskertomuksensa johtokunnalle viimeist\u00e4\u00e4n helmikuun 15 p\u00e4iv\u00e4n\u00e4 ja tulee heid\u00e4n lausuntonsa sis\u00e4lt\u00e4\u00e4 perusteltu esitys tilinp\u00e4\u00e4t\u00f6ksest\u00e4 ja vastuuvapauden my\u00f6nt\u00e4misest\u00e4 johtokunnalle ja taloudenhoitajalle.<\/p>\n<h6 style=\"text-align: center;\">7 \u00a7.<\/h6>\n<p><center><\/center><strong>Sukukokous.<\/strong><\/p>\n<p>Yhdistyksen johtokunta kutsuu suvun j\u00e4senet touko &#8211; elokuussa pidett\u00e4v\u00e4\u00e4n sukukokoukseen joka kolmantena vuotena tai johtokunnan harkinnan mukaan useamminkin. Sukukokouksen ajan ja paikan m\u00e4\u00e4r\u00e4\u00e4 tarkemmin seuran johtokunta, joka julkaisee sukukokouskutsun harkintansa mukaan jossakin p\u00e4\u00e4kaupungin sek\u00e4 Kuopion ja Iisalmen sanomalehdess\u00e4 v\u00e4hint\u00e4\u00e4n kuukautta ennen sukukokousta.<\/p>\n<p>Sukukokouksen avaa puheenjohtaja tai joku muu johtokunnan j\u00e4sen ja noudatetaan asioita k\u00e4sitelt\u00e4ess\u00e4 yhdistyslain 14 \u00a7:n mukaisia m\u00e4\u00e4r\u00e4yksi\u00e4.<\/p>\n<p>Sukukokouksessa k\u00e4sitell\u00e4\u00e4n seuraavat asiat:<\/p>\n<ol>\n<li>esitet\u00e4\u00e4n kokouspaikan j\u00e4senten puolesta tervehdys,<\/li>\n<li>lausutaan muistosanat edellisen sukukokouksen kokouksen j\u00e4lkeen manallemenneist\u00e4 suvun j\u00e4senist\u00e4,<\/li>\n<li>valitaan sukukokouksen sihteeri, muiden sukujuhlallisuuksien selostaja ja koko sukup\u00e4ivien leikilliset pakinakirjurit,<\/li>\n<li>esitet\u00e4\u00e4n johtokunnan kuvaus t\u00e4rkeimmist\u00e4 tapauksista suvun piiris\u00e4 edellisen sukukokouksen j\u00e4lkeen.<\/li>\n<li>valitaan suvun vanhin ellei vuosikokouksessa jo ole valittu.<\/li>\n<li>k\u00e4sitell\u00e4\u00e4n vuosikokouksen mahdollisesti tekem\u00e4t ehdotukset,<\/li>\n<li>esitet\u00e4\u00e4n sukukokouksen tekem\u00e4t tai sille j\u00e4tetyt ehdotukset,<\/li>\n<li>esitet\u00e4\u00e4n sukukokouksen tekem\u00e4t seuran toimistaa koskevat esitykset johtokunnalle,<\/li>\n<li>esitet\u00e4\u00e4n sukukokouksen p\u00e4\u00e4tt\u00e4j\u00e4issanat.<\/li>\n<\/ol>\n<p>Sukukokouksen k\u00e4sitelt\u00e4viksi tarkoitetut ehdotukset on j\u00e4tett\u00e4v\u00e4 seuran johtokunnalle viimeist\u00e4\u00e4n kahta viikkoa ennen kokousta. N\u00e4ihin liitt\u00e4k\u00f6\u00f6n johtokunta lausuntonsa.<\/p>\n<h6 style=\"text-align: center;\">8 \u00a7.<\/h6>\n<p><center><\/center>Seura on oikeutettu ottamaan vastaan lahjoituksia ja testamentteja sek\u00e4 omistamaan kiinteist\u00f6j\u00e4 ja irtaimistoja. N\u00e4m\u00e4 hoidetaan ja k\u00e4ytet\u00e4\u00e4n lahjoittajien tai testamentti tekij\u00e4in m\u00e4\u00e4r\u00e4ysten mukaan tai, ellei sellaisia ole, johtokunnan p\u00e4\u00e4tt\u00e4m\u00e4ll\u00e4 tavalla, ottaen huomioon seuraavassa kohdassa mainitut m\u00e4\u00e4r\u00e4ykset.<\/p>\n<p>Jokaisen j\u00e4senen toivotaan perhetapausten sattuessa omassa perheess\u00e4\u00e4n, eritt\u00e4inkin syntymisen, vihkimisen, suoritettujen tutkintojen, toimeensaannin, ylennysten, johdosta maksavan seuralle tapahtuman merkityst\u00e4 tai taloudellista asemaa vastaavan er\u00e4n.<\/p>\n<p>J\u00e4senilt\u00e4 odotetaan, ett\u00e4 he muistavat sukuseuraa lahjoituksilla ja testamenteillaan.<\/p>\n<p>Mit\u00e4\u00e4n seuralle luovutettuja maksuja ja varoja ei luovuteta takaisin.<\/p>\n<p>Seuran asioista vastaa vain seuran omaisuus.<\/p>\n<p>Seuran varoja k\u00e4ytet\u00e4\u00e4n alkuaikoina ensisijassa suvun eri sukuhaarojen yhteyden tutkimiseen, sekuselvitysten ja sukuhaarojen yhteyden tutkimiseen, sukuselvitysten ja suvun muun historian tutkimiseen ja kustantamiseen, sukukokousten toimeenpanoon sek\u00e4 seuran kaikinpuoliseen hoitoon eik\u00e4 niihin tarkoituksiin oteta velkoja. Ainakin kolmas osa sukurahaston minimim\u00e4\u00e4r\u00e4st\u00e4 on pidett\u00e4v\u00e4 talletettuna vakavaraiseen suomalaiseen rahalaitokseen.<\/p>\n<p>Lahjoituksia ei k\u00e4ytet\u00e4 juokseviin menoihin, vaan talletetaan ne heti sukurahastoon, samoin testamentit.<\/p>\n<h6 style=\"text-align: center;\">9 \u00a7.<\/h6>\n<p><center><\/center>P\u00e4\u00e4t\u00f6s n\u00e4iden s\u00e4\u00e4nt\u00f6jen muuttamisesta tai yhdistyksen purkamisesta ja j\u00e4\u00e4nn\u00f6somaisuuden k\u00e4ytt\u00e4misest\u00e4 on teht\u00e4v\u00e4, ollakseen p\u00e4tev\u00e4, vuosikokouksessa ja aikaisintaan 2 kuukautta sen j\u00e4lkeen pidett\u00e4v\u00e4ss\u00e4 sukukokouksessa ja vaaditaan kummassakin kokouksessa p\u00e4\u00e4t\u00f6ksen syntymist\u00e4 varten:<\/p>\n<ol>\n<li>ett\u00e4 ehdotus on kokouskutsussa selv\u00e4sti mainittu,<\/li>\n<li>ett\u00e4 kokouksessa on saapuvilla tai edustettuna ainakin viisikymment\u00e4 seuran \u00e4\u00e4nioikeutettua j\u00e4sent\u00e4 ja<\/li>\n<li>ett\u00e4 ainakin kolmenelj\u00e4sosaa kokouksessa saapuvilla olevista tai edustetuista seuran \u00e4\u00e4nioikeutetuista j\u00e4senist\u00e4 kannattaa tehty\u00e4 ehdotusta.<\/li>\n<\/ol>\n<h6 style=\"text-align: center;\">10 \u00a7.<\/h6>\n<p><center><\/center>Jos seura purkautuu tai lakkautetaan, k\u00e4ytet\u00e4\u00e4n sen omaisuus ensin seuran asiain selvitt\u00e4miseen, mink\u00e4 j\u00e4lkeen j\u00e4\u00e4nn\u00f6s luovutetaan seuran tarkoitusperi\u00e4 vastaavalaa tavalla k\u00e4ytett\u00e4v\u00e4ksi noudattaen edellisess\u00e4 pyk\u00e4l\u00e4ss\u00e4 mainittujen m\u00e4\u00e4r\u00e4ysten mukaisesti tehtyj\u00e4 p\u00e4\u00e4t\u00f6ksi\u00e4, kuitenkin niin, ett\u00e4 seuran arkistoa ei saa j\u00e4tt\u00e4\u00e4 yksityisten henkil\u00f6iden haltuun, vaan on se luovutettava Suomen Sukututkimusseura Genealogiska samfundet i Finland r.y:lle tai, jos sit\u00e4 ei ole olemassa, Suomalaisen Kirjallisuuden Seura r.y:lle tai Iisalmen Kotiseutuyhdistykselle. Jos viimemainittu ei ole rekister\u00f6ity yhdistys, luovutetaan varat Suomalaisen Kirjallisuuden Seura r.y:lle.<\/p>\n<h6 style=\"text-align: center;\">11 \u00a7.<\/h6>\n<p><center><\/center>Kaikissa muussa noudatetaan, mit\u00e4 voimassaoleva laki yhdistyksist\u00e4 m\u00e4\u00e4r\u00e4\u00e4.<\/p>\n<p>Iisalmella, kes\u00e4kuun 28 p\u00e4iv\u00e4n\u00e4 1947.<\/p>\n<p><strong>A. K\u00c4\u00c4RI\u00c4INEN<\/strong>&nbsp;kenr.majuri, Kuopio.<br \/>\n<strong>AATU K\u00c4\u00c4RI\u00c4INEN<\/strong>&nbsp;maanvilj., Iisalmi.<br \/>\n<strong>EMIL K\u00c4\u00c4RI\u00c4INEN<\/strong>&nbsp;opettaja, Oulu.<br \/>\n<strong>ERKKI K\u00c4\u00c4RI\u00c4INEN<\/strong>&nbsp;fil. maist., Helsinki.<br \/>\n<strong>FR. K\u00c4\u00c4RI\u00c4INEN<\/strong>&nbsp;opettaja, Kajaani.<\/p>\n<\/div>\n<div id=\"footer\"><\/div>\n","protected":false},"excerpt":{"rendered":"<p>K\u00e4\u00e4ri\u00e4isten Sukuseura ry:n s\u00e4\u00e4nn\u00f6t &nbsp; 1 \u00a7. Yhdistyksen nimi on&nbsp;K\u00e4\u00e4ri\u00e4isten&nbsp;Sukuseura r.y. ja kotipaikka Iisalmen maalaiskunta. 2 \u00a7. K\u00e4\u00e4ri\u00e4isten sukuseuran tarkoituksena on yll\u00e4pit\u00e4\u00e4 yhteytt\u00e4 K\u00e4\u00e4ri\u00e4isten suvun eri sukuhaarojen v\u00e4lill\u00e4 ottaen huomioon suvun sek\u00e4 miespuolisten, ett\u00e4 naispuolisten j\u00e4senten j\u00e4lkel\u00e4iset ja heid\u00e4n aviopuolisonsa, tutustuttaa suvun j\u00e4seni\u00e4 toisiinsa, hankkia, j\u00e4rjest\u00e4\u00e4 ja tuleville sukupolville tallettaa tietoja, kirjallisia kuvauksia sek\u00e4 valokuvia &hellip;<\/p>\n<p class=\"read-more\"> <a class=\"\" href=\"https:\/\/xn--kriinen-5waac.fi\/?page_id=28\"> <span class=\"screen-reader-text\">Seuran s\u00e4\u00e4nn\u00f6t<\/span> Lue lis\u00e4\u00e4 &raquo;<\/a><\/p>\n","protected":false},"author":1,"featured_media":0,"parent":573,"menu_order":5,"comment_status":"closed","ping_status":"open","template":"","meta":{"footnotes":""},"_links":{"self":[{"href":"https:\/\/xn--kriinen-5waac.fi\/index.php?rest_route=\/wp\/v2\/pages\/28"}],"collection":[{"href":"https:\/\/xn--kriinen-5waac.fi\/index.php?rest_route=\/wp\/v2\/pages"}],"about":[{"href":"https:\/\/xn--kriinen-5waac.fi\/index.php?rest_route=\/wp\/v2\/types\/page"}],"author":[{"embeddable":true,"href":"https:\/\/xn--kriinen-5waac.fi\/index.php?rest_route=\/wp\/v2\/users\/1"}],"replies":[{"embeddable":true,"href":"https:\/\/xn--kriinen-5waac.fi\/index.php?rest_route=%2Fwp%2Fv2%2Fcomments&post=28"}],"version-history":[{"count":14,"href":"https:\/\/xn--kriinen-5waac.fi\/index.php?rest_route=\/wp\/v2\/pages\/28\/revisions"}],"predecessor-version":[{"id":580,"href":"https:\/\/xn--kriinen-5waac.fi\/index.php?rest_route=\/wp\/v2\/pages\/28\/revisions\/580"}],"up":[{"embeddable":true,"href":"https:\/\/xn--kriinen-5waac.fi\/index.php?rest_route=\/wp\/v2\/pages\/573"}],"wp:attachment":[{"href":"https:\/\/xn--kriinen-5waac.fi\/index.php?rest_route=%2Fwp%2Fv2%2Fmedia&parent=28"}],"curies":[{"name":"wp","href":"https:\/\/api.w.org\/{rel}","templated":true}]}}