{"id":283,"date":"2012-09-24T12:58:49","date_gmt":"2012-09-24T09:58:49","guid":{"rendered":"http:\/\/kaariainen.fi\/?page_id=283"},"modified":"2012-09-24T13:11:06","modified_gmt":"2012-09-24T10:11:06","slug":"283-2","status":"publish","type":"page","link":"https:\/\/xn--kriinen-5waac.fi\/?page_id=283","title":{"rendered":"Korvasienimuhennos"},"content":{"rendered":"<h2><span style=\"color: #0000ff;\"><strong>Eevan tapaan<\/strong><\/span><\/h2>\n<p>Lappalaisen\u00a0<em>Eeva-mummo<\/em>\u00a0(Lassin \u00e4iti) on tosi innokas sienest\u00e4j\u00e4 ja asuu\u00a0<em>Eero-ukin<\/em>\u00a0kanssa Rauhalassa. Ukki on my\u00f6s kova ruuanlaittaja ja lasten (ja kaikkien muidenkin) iloksi usein laulelee keitti\u00f6ss\u00e4. Yksi laulu on j\u00e4\u00e4nyt yli muiden mieleen :<\/p>\n<p><em>&#8211;<span style=\"color: #0000ff;\"> Aatami jos h\u00e4iss\u00e4\u00e4n, ei ois ollut p\u00e4iss\u00e4\u00e4n niin paratiisipoikia me oltaisiin \u2013 ei\u00a0tarvitsisi t\u00e4\u00e4ll\u00e4 keitti\u00f6ss\u00e4 h\u00e4\u00e4ri\u00e4 vaan viikunan lehti p\u00e4\u00e4ll\u00e4 me paratiisissa k\u00e4yskennelt\u00e4isiin!<\/span><\/em><\/p>\n<p>Mutta menn\u00e4\u00e4p\u00e4 mummon sienestykseen; parhaana syksyn\u00e4 ulkoveranta pursui sienisaaveja odottamassa ry\u00f6pp\u00e4\u00e4mist\u00e4. Niinp\u00e4 s\u00e4il\u00f6ttyj\u00e4 sieni\u00e4 sitten pitkin talvea jalostettiin erilaisiksi salaateiksi, kastikkeiksi yms.<\/p>\n<p>&nbsp;<\/p>\n<address><strong><span style=\"color: #0000ff;\"><em>1\/4 l keitettyj\u00e4 korvasieni\u00e4<\/em><\/span><\/strong><\/address>\n<address><strong><span style=\"color: #0000ff;\"><em>2 rkl voita<\/em><\/span><\/strong><\/address>\n<address><strong><span style=\"color: #0000ff;\"><em>1 pieni silputtu sipuli<\/em><\/span><\/strong><\/address>\n<address><strong><span style=\"color: #0000ff;\"><em>kiehauta<\/em><\/span><\/strong><\/address>\n<address><strong><span style=\"color: #0000ff;\"><em>ripottele pinnalle 1 1\/2 rkl vehn\u00e4jauhoja<\/em><\/span><\/strong><\/address>\n<address><strong><span style=\"color: #0000ff;\"><em>lis\u00e4\u00e4 1 1\/2 dl lihalient\u00e4 hyvin sekoittaen<\/em><\/span><\/strong><\/address>\n<address><strong><span style=\"color: #0000ff;\"><em>lis\u00e4\u00e4 viel\u00e4 1 dl kermaa<\/em><\/span><\/strong><\/address>\n<p>Keit\u00e4 15-20 min<\/p>\n<p>Mausta: 1\/2 tl suolaa, ripaus sokeria, ripaus paprikajauhetta<\/p>\n<p>Keit\u00e4 potut, paista possunpihvit ja sitten t\u00e4st\u00e4.<\/p>\n<p>&nbsp;<\/p>\n","protected":false},"excerpt":{"rendered":"<p>Eevan tapaan Lappalaisen\u00a0Eeva-mummo\u00a0(Lassin \u00e4iti) on tosi innokas sienest\u00e4j\u00e4 ja asuu\u00a0Eero-ukin\u00a0kanssa Rauhalassa. Ukki on my\u00f6s kova ruuanlaittaja ja lasten (ja kaikkien muidenkin) iloksi usein laulelee keitti\u00f6ss\u00e4. Yksi laulu on j\u00e4\u00e4nyt yli muiden mieleen : &#8211; Aatami jos h\u00e4iss\u00e4\u00e4n, ei ois ollut p\u00e4iss\u00e4\u00e4n niin paratiisipoikia me oltaisiin \u2013 ei\u00a0tarvitsisi t\u00e4\u00e4ll\u00e4 keitti\u00f6ss\u00e4 h\u00e4\u00e4ri\u00e4 vaan viikunan lehti p\u00e4\u00e4ll\u00e4 me &hellip;<\/p>\n<p class=\"read-more\"> <a class=\"\" href=\"https:\/\/xn--kriinen-5waac.fi\/?page_id=283\"> <span class=\"screen-reader-text\">Korvasienimuhennos<\/span> Lue lis\u00e4\u00e4 &raquo;<\/a><\/p>\n","protected":false},"author":3,"featured_media":0,"parent":166,"menu_order":0,"comment_status":"open","ping_status":"open","template":"","meta":{"footnotes":""},"_links":{"self":[{"href":"https:\/\/xn--kriinen-5waac.fi\/index.php?rest_route=\/wp\/v2\/pages\/283"}],"collection":[{"href":"https:\/\/xn--kriinen-5waac.fi\/index.php?rest_route=\/wp\/v2\/pages"}],"about":[{"href":"https:\/\/xn--kriinen-5waac.fi\/index.php?rest_route=\/wp\/v2\/types\/page"}],"author":[{"embeddable":true,"href":"https:\/\/xn--kriinen-5waac.fi\/index.php?rest_route=\/wp\/v2\/users\/3"}],"replies":[{"embeddable":true,"href":"https:\/\/xn--kriinen-5waac.fi\/index.php?rest_route=%2Fwp%2Fv2%2Fcomments&post=283"}],"version-history":[{"count":6,"href":"https:\/\/xn--kriinen-5waac.fi\/index.php?rest_route=\/wp\/v2\/pages\/283\/revisions"}],"predecessor-version":[{"id":295,"href":"https:\/\/xn--kriinen-5waac.fi\/index.php?rest_route=\/wp\/v2\/pages\/283\/revisions\/295"}],"up":[{"embeddable":true,"href":"https:\/\/xn--kriinen-5waac.fi\/index.php?rest_route=\/wp\/v2\/pages\/166"}],"wp:attachment":[{"href":"https:\/\/xn--kriinen-5waac.fi\/index.php?rest_route=%2Fwp%2Fv2%2Fmedia&parent=283"}],"curies":[{"name":"wp","href":"https:\/\/api.w.org\/{rel}","templated":true}]}}