{"id":296,"date":"2012-09-24T13:14:21","date_gmt":"2012-09-24T10:14:21","guid":{"rendered":"http:\/\/kaariainen.fi\/?page_id=296"},"modified":"2012-09-24T13:14:21","modified_gmt":"2012-09-24T10:14:21","slug":"naurispuuro","status":"publish","type":"page","link":"https:\/\/xn--kriinen-5waac.fi\/?page_id=296","title":{"rendered":"Naurispuuro"},"content":{"rendered":"<p><span style=\"color: #0000ff;\"><strong>Ritvan tapaan<\/strong><\/span><\/p>\n<p>Yksi syksyn kohokohtia on saada naurispuuroa. Mieleen tulee auringon laskiessa horisontin taa pellolta kuuluva puimakoneen \u00a0jyskytys, p\u00f6lyisten puintimiesten yskiminen, sieraimissa kiert\u00e4v\u00e4 kitker\u00e4 savunhaju pehkuja poltettaessa, kylmenev\u00e4t kirkkaat syysillat t\u00e4htitaivaineen ja<\/p>\n<p>ah niin naurispuuro&#8230;.. aamulla keitti\u00f6ss\u00e4 aamiaisena ennen pellolle l\u00e4ht\u00f6\u00e4 ja kissanpoika leikkim\u00e4ss\u00e4 p\u00f6yd\u00e4n alla varpailla jotka on nostettu p\u00f6yd\u00e4n\u00a0aluspuunp\u00e4\u00e4lle pakojaisiin \u2013 turhaan.<\/p>\n<p>T\u00e4ss\u00e4 Ritvan naurispuuro<\/p>\n<p><span style=\"color: #0000ff;\"><em>1 1\/2 litraa naurisliistakoita (linttej\u00e4 kuorituista nauriista)<\/em><\/span><\/p>\n<p><span style=\"color: #0000ff;\"><em>v\u00e4h\u00e4n vett\u00e4<\/em><\/span><\/p>\n<p><span style=\"color: #0000ff;\"><em>suolaa<\/em><\/span><\/p>\n<p><span style=\"color: #0000ff;\"><em>3-4 dl ohrajauhoja<\/em><\/span><\/p>\n<p><span style=\"color: #0000ff;\"><em>keit\u00e4 naurisliistakot, tee survos<\/em><\/span><\/p>\n<p><span style=\"color: #0000ff;\"><em>vispil\u00f6i jauhot sekaan<\/em><\/span><\/p>\n<p><span style=\"color: #0000ff;\"><em>mausta suolalla<\/em><\/span><\/p>\n<p><span style=\"color: #0000ff;\"><em>keit\u00e4 1\/2 tuntia<\/em><\/span><\/p>\n<p>&nbsp;<\/p>\n<p>Laita hyv\u00e4 voisilm\u00e4 puuron keskelle lautasella ennenkuin aloitat sy\u00f6misen. Naurispuuro on hyvin vatkattuna silkkisen sile\u00e4, l\u00e4pikuultava ja tuoksuva herkku.<\/p>\n<p>Nauti hartaudella katsellen ulos ikkunasta, \u00e4l\u00e4 h\u00e4iritse muita sy\u00f6m\u00e4miehi\u00e4.<\/p>\n","protected":false},"excerpt":{"rendered":"<p>Ritvan tapaan Yksi syksyn kohokohtia on saada naurispuuroa. Mieleen tulee auringon laskiessa horisontin taa pellolta kuuluva puimakoneen \u00a0jyskytys, p\u00f6lyisten puintimiesten yskiminen, sieraimissa kiert\u00e4v\u00e4 kitker\u00e4 savunhaju pehkuja poltettaessa, kylmenev\u00e4t kirkkaat syysillat t\u00e4htitaivaineen ja ah niin naurispuuro&#8230;.. aamulla keitti\u00f6ss\u00e4 aamiaisena ennen pellolle l\u00e4ht\u00f6\u00e4 ja kissanpoika leikkim\u00e4ss\u00e4 p\u00f6yd\u00e4n alla varpailla jotka on nostettu p\u00f6yd\u00e4n\u00a0aluspuunp\u00e4\u00e4lle pakojaisiin \u2013 turhaan. T\u00e4ss\u00e4 &hellip;<\/p>\n<p class=\"read-more\"> <a class=\"\" href=\"https:\/\/xn--kriinen-5waac.fi\/?page_id=296\"> <span class=\"screen-reader-text\">Naurispuuro<\/span> Lue lis\u00e4\u00e4 &raquo;<\/a><\/p>\n","protected":false},"author":3,"featured_media":0,"parent":166,"menu_order":0,"comment_status":"open","ping_status":"open","template":"","meta":{"footnotes":""},"_links":{"self":[{"href":"https:\/\/xn--kriinen-5waac.fi\/index.php?rest_route=\/wp\/v2\/pages\/296"}],"collection":[{"href":"https:\/\/xn--kriinen-5waac.fi\/index.php?rest_route=\/wp\/v2\/pages"}],"about":[{"href":"https:\/\/xn--kriinen-5waac.fi\/index.php?rest_route=\/wp\/v2\/types\/page"}],"author":[{"embeddable":true,"href":"https:\/\/xn--kriinen-5waac.fi\/index.php?rest_route=\/wp\/v2\/users\/3"}],"replies":[{"embeddable":true,"href":"https:\/\/xn--kriinen-5waac.fi\/index.php?rest_route=%2Fwp%2Fv2%2Fcomments&post=296"}],"version-history":[{"count":2,"href":"https:\/\/xn--kriinen-5waac.fi\/index.php?rest_route=\/wp\/v2\/pages\/296\/revisions"}],"predecessor-version":[{"id":298,"href":"https:\/\/xn--kriinen-5waac.fi\/index.php?rest_route=\/wp\/v2\/pages\/296\/revisions\/298"}],"up":[{"embeddable":true,"href":"https:\/\/xn--kriinen-5waac.fi\/index.php?rest_route=\/wp\/v2\/pages\/166"}],"wp:attachment":[{"href":"https:\/\/xn--kriinen-5waac.fi\/index.php?rest_route=%2Fwp%2Fv2%2Fmedia&parent=296"}],"curies":[{"name":"wp","href":"https:\/\/api.w.org\/{rel}","templated":true}]}}