{"id":311,"date":"2012-10-03T16:58:52","date_gmt":"2012-10-03T13:58:52","guid":{"rendered":"http:\/\/kaariainen.fi\/?page_id=311"},"modified":"2012-10-03T17:12:07","modified_gmt":"2012-10-03T14:12:07","slug":"rieskat","status":"publish","type":"page","link":"https:\/\/xn--kriinen-5waac.fi\/?page_id=311","title":{"rendered":"RIESKAT"},"content":{"rendered":"<p>Rieskalla on kansan kieless\u00e4 useampia merkityksi\u00e4. Suurin ero on <strong><em><span style=\"color: #0000ff;\">litte\u00e4ll\u00e4<\/span><\/em><\/strong> rieskalla ja ilmeisesti l\u00e4hinn\u00e4 karjalaista perinnett\u00e4 edustavalla <strong><em><span style=\"color: #0000ff;\">pullealla<\/span><\/em><\/strong> ohrarieskalla.<\/p>\n<p>Litte\u00e4st\u00e4 ohrarieskasta tunnetaan versiotita kuten pellille tehty <em><strong><span style=\"color: #0000ff;\">ryyniries<\/span><span style=\"color: #0000ff;\">ka<\/span><\/strong><\/em> sek\u00e4 littana\u00a0<strong><span style=\"color: #0000ff;\"><em>lapinrieska<\/em>.<\/span><\/strong>\u00a0 Ne ovat ainakin n\u00e4\u00f6lt\u00e4\u00e4n <strong><em><span style=\"color: #0000ff;\">perunarieskalle<\/span><\/em><\/strong> sukua.<\/p>\n<p>Karjalasta tulivat valkoiset pirtit, koska karjalaisissa tuvissa oli savupiiput. Uunit l\u00e4mpesiv\u00e4t ulosp\u00e4in ja siksi tuvat pysyiv\u00e4t valkoisina, toisin kui l\u00e4nness\u00e4.<\/p>\n<p>Karjalan suunnalta tuli my\u00f6s kohotettu<strong><em><span style=\"color: #0000ff;\"> pullea<\/span><\/em><\/strong> rieska, joka on yl\u00e4savolaisille rakas <strong><em><span style=\"color: #0000ff;\">ohrarieska<\/span><\/em><\/strong>. Ohessa on erilaisia versioita kokeiltavaksi.<\/p>\n","protected":false},"excerpt":{"rendered":"<p>Rieskalla on kansan kieless\u00e4 useampia merkityksi\u00e4. Suurin ero on litte\u00e4ll\u00e4 rieskalla ja ilmeisesti l\u00e4hinn\u00e4 karjalaista perinnett\u00e4 edustavalla pullealla ohrarieskalla. Litte\u00e4st\u00e4 ohrarieskasta tunnetaan versiotita kuten pellille tehty ryynirieska sek\u00e4 littana\u00a0lapinrieska.\u00a0 Ne ovat ainakin n\u00e4\u00f6lt\u00e4\u00e4n perunarieskalle sukua. Karjalasta tulivat valkoiset pirtit, koska karjalaisissa tuvissa oli savupiiput. Uunit l\u00e4mpesiv\u00e4t ulosp\u00e4in ja siksi tuvat pysyiv\u00e4t valkoisina, toisin kui l\u00e4nness\u00e4. &hellip;<\/p>\n<p class=\"read-more\"> <a class=\"\" href=\"https:\/\/xn--kriinen-5waac.fi\/?page_id=311\"> <span class=\"screen-reader-text\">RIESKAT<\/span> Lue lis\u00e4\u00e4 &raquo;<\/a><\/p>\n","protected":false},"author":3,"featured_media":0,"parent":252,"menu_order":0,"comment_status":"open","ping_status":"open","template":"","meta":{"footnotes":""},"_links":{"self":[{"href":"https:\/\/xn--kriinen-5waac.fi\/index.php?rest_route=\/wp\/v2\/pages\/311"}],"collection":[{"href":"https:\/\/xn--kriinen-5waac.fi\/index.php?rest_route=\/wp\/v2\/pages"}],"about":[{"href":"https:\/\/xn--kriinen-5waac.fi\/index.php?rest_route=\/wp\/v2\/types\/page"}],"author":[{"embeddable":true,"href":"https:\/\/xn--kriinen-5waac.fi\/index.php?rest_route=\/wp\/v2\/users\/3"}],"replies":[{"embeddable":true,"href":"https:\/\/xn--kriinen-5waac.fi\/index.php?rest_route=%2Fwp%2Fv2%2Fcomments&post=311"}],"version-history":[{"count":3,"href":"https:\/\/xn--kriinen-5waac.fi\/index.php?rest_route=\/wp\/v2\/pages\/311\/revisions"}],"predecessor-version":[{"id":313,"href":"https:\/\/xn--kriinen-5waac.fi\/index.php?rest_route=\/wp\/v2\/pages\/311\/revisions\/313"}],"up":[{"embeddable":true,"href":"https:\/\/xn--kriinen-5waac.fi\/index.php?rest_route=\/wp\/v2\/pages\/252"}],"wp:attachment":[{"href":"https:\/\/xn--kriinen-5waac.fi\/index.php?rest_route=%2Fwp%2Fv2%2Fmedia&parent=311"}],"curies":[{"name":"wp","href":"https:\/\/api.w.org\/{rel}","templated":true}]}}