{"id":332,"date":"2012-10-03T17:32:41","date_gmt":"2012-10-03T14:32:41","guid":{"rendered":"http:\/\/kaariainen.fi\/?page_id=332"},"modified":"2012-10-03T17:41:18","modified_gmt":"2012-10-03T14:41:18","slug":"joululeivonta","status":"publish","type":"page","link":"https:\/\/xn--kriinen-5waac.fi\/?page_id=332","title":{"rendered":"Joululeivonta"},"content":{"rendered":"<p>Joululeivontaan liittyy paljon muistoja ja perheill\u00e4 on omia erityisi\u00e4 leivonnaisia. Kerro niist\u00e4 ja l\u00e4het\u00e4 reseptej\u00e4si.<\/p>\n","protected":false},"excerpt":{"rendered":"<p>Joululeivontaan liittyy paljon muistoja ja perheill\u00e4 on omia erityisi\u00e4 leivonnaisia. Kerro niist\u00e4 ja l\u00e4het\u00e4 reseptej\u00e4si.<\/p>\n","protected":false},"author":3,"featured_media":0,"parent":252,"menu_order":0,"comment_status":"open","ping_status":"open","template":"","meta":{"footnotes":""},"_links":{"self":[{"href":"https:\/\/xn--kriinen-5waac.fi\/index.php?rest_route=\/wp\/v2\/pages\/332"}],"collection":[{"href":"https:\/\/xn--kriinen-5waac.fi\/index.php?rest_route=\/wp\/v2\/pages"}],"about":[{"href":"https:\/\/xn--kriinen-5waac.fi\/index.php?rest_route=\/wp\/v2\/types\/page"}],"author":[{"embeddable":true,"href":"https:\/\/xn--kriinen-5waac.fi\/index.php?rest_route=\/wp\/v2\/users\/3"}],"replies":[{"embeddable":true,"href":"https:\/\/xn--kriinen-5waac.fi\/index.php?rest_route=%2Fwp%2Fv2%2Fcomments&post=332"}],"version-history":[{"count":2,"href":"https:\/\/xn--kriinen-5waac.fi\/index.php?rest_route=\/wp\/v2\/pages\/332\/revisions"}],"predecessor-version":[{"id":340,"href":"https:\/\/xn--kriinen-5waac.fi\/index.php?rest_route=\/wp\/v2\/pages\/332\/revisions\/340"}],"up":[{"embeddable":true,"href":"https:\/\/xn--kriinen-5waac.fi\/index.php?rest_route=\/wp\/v2\/pages\/252"}],"wp:attachment":[{"href":"https:\/\/xn--kriinen-5waac.fi\/index.php?rest_route=%2Fwp%2Fv2%2Fmedia&parent=332"}],"curies":[{"name":"wp","href":"https:\/\/api.w.org\/{rel}","templated":true}]}}