{"id":352,"date":"2012-10-03T17:55:26","date_gmt":"2012-10-03T14:55:26","guid":{"rendered":"http:\/\/kaariainen.fi\/?page_id=352"},"modified":"2012-10-03T17:55:42","modified_gmt":"2012-10-03T14:55:42","slug":"kirman-kyllikin-janispaisti","status":"publish","type":"page","link":"https:\/\/xn--kriinen-5waac.fi\/?page_id=352","title":{"rendered":"Kirman Kyllikin j\u00e4nispaisti"},"content":{"rendered":"<p>Kyllikki-mummo teki paljon erilaisia riistaruokia, sill\u00e4 Kalle-ukki oli kova mets\u00e4mies. Rankakasan kupeella oli aina ase mukana, jos sattuisi j\u00e4nis tai\u00a0muu mets\u00e4n el\u00e4v\u00e4 tulemaan ty\u00f6paikan l\u00e4hettyville. Kalastus ja mets\u00e4stys\u00a0olivat t\u00e4rkeit\u00e4 lis\u00e4ruuan ja vaihtelun tuojia maanviljelyksen ja karjanhoidon lomassa. T\u00e4ss\u00e4 on yksi aloittelevalle riistakokille, Ritulle annettu j\u00e4nispaistin resepti.<\/p>\n<p>&nbsp;<\/p>\n<p><em><strong><span style=\"color: #0000ff;\">paloiteltu j\u00e4nis<\/span><\/strong><\/em><\/p>\n<p><em><strong><span style=\"color: #0000ff;\">suolaa<\/span><\/strong><\/em><\/p>\n<p><em><strong><span style=\"color: #0000ff;\">voita paistamiseen<\/span><\/strong><\/em><\/p>\n<p><em><strong><span style=\"color: #0000ff;\">nelj\u00e4 mustapippuria<\/span><\/strong><\/em><\/p>\n<p><em><strong><span style=\"color: #0000ff;\">vett\u00e4<\/span><\/strong><\/em><\/p>\n<p><em><strong><span style=\"color: #0000ff;\">vehn\u00e4jauhoja\u00a0<\/span><\/strong><\/em><\/p>\n<p>&nbsp;<\/p>\n<p>Pese lihat kylm\u00e4ll\u00e4 vedell\u00e4, kuivaa. Hiero suola pintaan ja\u00a0ruskista voissa pannulla.\u00a0Pane lihat kattilaan kiehumaan veteen jota lis\u00e4t\u00e4\u00e4n juuri ja juuri lihojen yli. Lis\u00e4\u00e4 mausteeksi mustapippurit ja lis\u00e4\u00e4 suolaa maun mukaan.<\/p>\n<p>Ruskista pannulla vehn\u00e4jauhoja, lis\u00e4\u00e4 vett\u00e4 ja\u00a0kaada lihojen p\u00e4\u00e4lle. Keit\u00e4 hiljalleen 1,5 h \u2013 niin ett\u00e4 lihat irtoavat luista.\u00a0Kiehuta ilman \u00a0kantta, jotta liemi tiivistyy kastikkeeksi.Tarjoa kuoriperunoiden kera.<\/p>\n","protected":false},"excerpt":{"rendered":"<p>Kyllikki-mummo teki paljon erilaisia riistaruokia, sill\u00e4 Kalle-ukki oli kova mets\u00e4mies. Rankakasan kupeella oli aina ase mukana, jos sattuisi j\u00e4nis tai\u00a0muu mets\u00e4n el\u00e4v\u00e4 tulemaan ty\u00f6paikan l\u00e4hettyville. Kalastus ja mets\u00e4stys\u00a0olivat t\u00e4rkeit\u00e4 lis\u00e4ruuan ja vaihtelun tuojia maanviljelyksen ja karjanhoidon lomassa. T\u00e4ss\u00e4 on yksi aloittelevalle riistakokille, Ritulle annettu j\u00e4nispaistin resepti. &nbsp; paloiteltu j\u00e4nis suolaa voita paistamiseen nelj\u00e4 mustapippuria vett\u00e4 &hellip;<\/p>\n<p class=\"read-more\"> <a class=\"\" href=\"https:\/\/xn--kriinen-5waac.fi\/?page_id=352\"> <span class=\"screen-reader-text\">Kirman Kyllikin j\u00e4nispaisti<\/span> Lue lis\u00e4\u00e4 &raquo;<\/a><\/p>\n","protected":false},"author":3,"featured_media":0,"parent":350,"menu_order":0,"comment_status":"open","ping_status":"open","template":"","meta":{"footnotes":""},"_links":{"self":[{"href":"https:\/\/xn--kriinen-5waac.fi\/index.php?rest_route=\/wp\/v2\/pages\/352"}],"collection":[{"href":"https:\/\/xn--kriinen-5waac.fi\/index.php?rest_route=\/wp\/v2\/pages"}],"about":[{"href":"https:\/\/xn--kriinen-5waac.fi\/index.php?rest_route=\/wp\/v2\/types\/page"}],"author":[{"embeddable":true,"href":"https:\/\/xn--kriinen-5waac.fi\/index.php?rest_route=\/wp\/v2\/users\/3"}],"replies":[{"embeddable":true,"href":"https:\/\/xn--kriinen-5waac.fi\/index.php?rest_route=%2Fwp%2Fv2%2Fcomments&post=352"}],"version-history":[{"count":2,"href":"https:\/\/xn--kriinen-5waac.fi\/index.php?rest_route=\/wp\/v2\/pages\/352\/revisions"}],"predecessor-version":[{"id":354,"href":"https:\/\/xn--kriinen-5waac.fi\/index.php?rest_route=\/wp\/v2\/pages\/352\/revisions\/354"}],"up":[{"embeddable":true,"href":"https:\/\/xn--kriinen-5waac.fi\/index.php?rest_route=\/wp\/v2\/pages\/350"}],"wp:attachment":[{"href":"https:\/\/xn--kriinen-5waac.fi\/index.php?rest_route=%2Fwp%2Fv2%2Fmedia&parent=352"}],"curies":[{"name":"wp","href":"https:\/\/api.w.org\/{rel}","templated":true}]}}