{"id":395,"date":"2012-11-07T19:19:10","date_gmt":"2012-11-07T17:19:10","guid":{"rendered":"http:\/\/kaariainen.fi\/?page_id=395"},"modified":"2012-11-07T19:20:48","modified_gmt":"2012-11-07T17:20:48","slug":"keitetyt-lohirullat","status":"publish","type":"page","link":"https:\/\/xn--kriinen-5waac.fi\/?page_id=395","title":{"rendered":"KEITETYT LOHIRULLAT"},"content":{"rendered":"<p><em>1 nahaton kirjolohifile (n. 500g)<\/em><\/p>\n<p><em>1 iso purjo tai 2 pient\u00e4<\/em><\/p>\n<p><em>valkopippuria myllyst\u00e4<\/em><\/p>\n<p><em>3 rkl tuoretta tillihaketta<\/em><\/p>\n<p><em>voipaperia<\/em><\/p>\n<p><em>alumiinifoliota<\/em><\/p>\n<p><em>3 &#8211; 4 litran kattila vett\u00e4<\/em><\/p>\n<p>Leikkaa fileest\u00e4 mahdollisimman neli\u00f6m\u00e4isi\u00e4 noin 100 &#8211; 150g:n palasia ja nuiji ne nyrkill\u00e4 ohuehkoiksi levyiksi puolta suuremmalle voipaperipalalle. Ripottele niille tilli\u00e4 ja v\u00e4\u00e4nn\u00e4 myllyst\u00e4 ripaus valkopippuria.<\/p>\n<p>Leikkaa purjosta 10 &#8211; 15 cm pituisia p\u00e4tki\u00e4, leikkaa ne auki puoliv\u00e4liin ja kiehauta n. 2 -3 minuuttia vedess\u00e4. Nosta reik\u00e4kauhalla purjot valumaan ja anna kuivahtaa hieman. Lado niit\u00e4 kullekin maustetulle lohilevylle ja rullaa lohi voipaperin \u00a0avulla &#8221;papiljotiksi&#8221;. Nosta se alumiinifoliolle ja k\u00e4\u00e4ri kuin karkki alumiinifolioon tiiviisti p\u00e4ist\u00e4 keirt\u00e4m\u00e4ll\u00e4 kirien. Anna veden kiehua rauhallisesti kuplien ja kypsenn\u00e4 papiljotteja siin\u00e4 noin 15 minuuttia. Nosta valumaan ritil\u00e4alustalle pariksi minuutiksi. Poista folio p\u00e4\u00e4lt\u00e4 ja leikkaa papiljotit l\u00e4mmitetyll\u00e4 tarjoiluvadilla huipputer\u00e4v\u00e4ll\u00e4 vetsell\u00e4 kolmeen osaan tarjolle. Tarjoile keitetyn irtonaisen riisin, perunoiden tai muusin kera. Kastikkeeksi sopii erityisen hyvin Joken &#8221;rapukastikev\u00e4\u00e4renn\u00f6s&#8221; josta resepti toisaalla.<\/p>\n<p>&nbsp;<\/p>\n","protected":false},"excerpt":{"rendered":"<p>1 nahaton kirjolohifile (n. 500g) 1 iso purjo tai 2 pient\u00e4 valkopippuria myllyst\u00e4 3 rkl tuoretta tillihaketta voipaperia alumiinifoliota 3 &#8211; 4 litran kattila vett\u00e4 Leikkaa fileest\u00e4 mahdollisimman neli\u00f6m\u00e4isi\u00e4 noin 100 &#8211; 150g:n palasia ja nuiji ne nyrkill\u00e4 ohuehkoiksi levyiksi puolta suuremmalle voipaperipalalle. Ripottele niille tilli\u00e4 ja v\u00e4\u00e4nn\u00e4 myllyst\u00e4 ripaus valkopippuria. Leikkaa purjosta 10 &#8211; &hellip;<\/p>\n<p class=\"read-more\"> <a class=\"\" href=\"https:\/\/xn--kriinen-5waac.fi\/?page_id=395\"> <span class=\"screen-reader-text\">KEITETYT LOHIRULLAT<\/span> Lue lis\u00e4\u00e4 &raquo;<\/a><\/p>\n","protected":false},"author":3,"featured_media":0,"parent":380,"menu_order":0,"comment_status":"open","ping_status":"open","template":"","meta":{"footnotes":""},"_links":{"self":[{"href":"https:\/\/xn--kriinen-5waac.fi\/index.php?rest_route=\/wp\/v2\/pages\/395"}],"collection":[{"href":"https:\/\/xn--kriinen-5waac.fi\/index.php?rest_route=\/wp\/v2\/pages"}],"about":[{"href":"https:\/\/xn--kriinen-5waac.fi\/index.php?rest_route=\/wp\/v2\/types\/page"}],"author":[{"embeddable":true,"href":"https:\/\/xn--kriinen-5waac.fi\/index.php?rest_route=\/wp\/v2\/users\/3"}],"replies":[{"embeddable":true,"href":"https:\/\/xn--kriinen-5waac.fi\/index.php?rest_route=%2Fwp%2Fv2%2Fcomments&post=395"}],"version-history":[{"count":2,"href":"https:\/\/xn--kriinen-5waac.fi\/index.php?rest_route=\/wp\/v2\/pages\/395\/revisions"}],"predecessor-version":[{"id":398,"href":"https:\/\/xn--kriinen-5waac.fi\/index.php?rest_route=\/wp\/v2\/pages\/395\/revisions\/398"}],"up":[{"embeddable":true,"href":"https:\/\/xn--kriinen-5waac.fi\/index.php?rest_route=\/wp\/v2\/pages\/380"}],"wp:attachment":[{"href":"https:\/\/xn--kriinen-5waac.fi\/index.php?rest_route=%2Fwp%2Fv2%2Fmedia&parent=395"}],"curies":[{"name":"wp","href":"https:\/\/api.w.org\/{rel}","templated":true}]}}