{"id":399,"date":"2012-11-07T19:46:06","date_gmt":"2012-11-07T17:46:06","guid":{"rendered":"http:\/\/kaariainen.fi\/?page_id=399"},"modified":"2012-11-07T19:55:00","modified_gmt":"2012-11-07T17:55:00","slug":"joken-paras-kastikepohja","status":"publish","type":"page","link":"https:\/\/xn--kriinen-5waac.fi\/?page_id=399","title":{"rendered":"JOKEN PARAS KALAKASTIKEPOHJA"},"content":{"rendered":"<p>Loistava kastikkeen pohjan kehitt\u00e4minen on yhteensattumien ja vuosikymmenten kokeilujen tulos.\u00a0T\u00e4m\u00e4 kastikepohja tarjoaa loistavat edellytykset onnistua niin ruskeissa kuin vaaleissakin kastikkeissa.<\/p>\n<p><em>2 dl laktoositonta ruokakermaa<\/em><\/p>\n<p><em>3 dl kermapurkin huuhteluvett\u00e4 \u00a0(tarvittaessa enemm\u00e4nkin)<\/em><\/p>\n<p><em>5 rkl puolikarkeita vehn\u00e4jauhoja<\/em><\/p>\n<p><em>1-2 tl kurkumaa<\/em><\/p>\n<p><em>1 &#8211; 1,5 dl korkeita l\u00e4mp\u00f6tiloja kest\u00e4v\u00e4\u00e4 ja hyvin \u00a0v\u00e4h\u00e4n makuja antavaa auringonkukka\u00f6ljy\u00e4<\/em><\/p>\n<p><em>1 kalaliemikuutio tai kafondia kalakastikkelle<\/em><\/p>\n<p><em>1\/2 kanaliemikuutio \u00a0tai kanafondia<\/em><\/p>\n<p>&nbsp;<\/p>\n<p>Kuumenna \u00f6ljy kasarissa. Lis\u00e4\u00e4 kurkuma ja sekoita nopeasti, &#8211; \u00e4l\u00e4 polta! \u00a0Murenna sitten liemikuutiot ja lis\u00e4\u00e4 jauhot niin ett\u00e4 ne alkavat kiehua. Vaaleata kastiketta varten \u00e4l\u00e4 ruskista. Jos k\u00e4yt\u00e4t sipulia, lis\u00e4\u00e4 kuutiot ennen jauhoja ja kuullota ne.<\/p>\n<p>Lis\u00e4\u00e4 kiehuvaan vehn\u00e4jauhoseokseen kerma voimakkaasti tukevalla vispil\u00e4ll\u00e4 (pallovatkain) sekoittaen ja lis\u00e4\u00e4 vett\u00e4 tarvittaessa enemm\u00e4n kuin ohjeessa, jotta saat haluamasi koostumuksen. Kastike sopii loistavasti kasviruualle kuten grillatuille kes\u00e4kurpitsoille, vesimeloonille, paahdetuille punajuurille, paahdetuille porkkanoille ja sipulille.<\/p>\n<p><strong><em>Jatka maustamalla :<\/em><\/strong><\/p>\n<h2><strong>Huijarin rapukastike<\/strong><\/h2>\n<p>(Sopii sellaisenaan hyvin paistetulle kuhalle tai grillatulle vesimeloonille)<\/p>\n<p>Lis\u00e4\u00e4 loppuvaiheessa sekoittaen\u00a0<strong><em>3 &#8211; 4 ruokalusikallista ketsuppia\u00a0<\/em><\/strong>(riippuen ketsupista ehk\u00e4 loraus enemm\u00e4nkin)<\/p>\n<p>Saat kauniin rapukastikkeen n\u00e4k\u00f6isen muhkean kalakastikkeen, jonka saat kiilt\u00e4m\u00e4\u00e4n lis\u00e4\u00e4 sekoittamalla loppuvaiheessa ruokalusikallisen kylm\u00e4\u00e4 voita.<\/p>\n<p>&nbsp;<\/p>\n<p>&nbsp;<\/p>\n","protected":false},"excerpt":{"rendered":"<p>Loistava kastikkeen pohjan kehitt\u00e4minen on yhteensattumien ja vuosikymmenten kokeilujen tulos.\u00a0T\u00e4m\u00e4 kastikepohja tarjoaa loistavat edellytykset onnistua niin ruskeissa kuin vaaleissakin kastikkeissa. 2 dl laktoositonta ruokakermaa 3 dl kermapurkin huuhteluvett\u00e4 \u00a0(tarvittaessa enemm\u00e4nkin) 5 rkl puolikarkeita vehn\u00e4jauhoja 1-2 tl kurkumaa 1 &#8211; 1,5 dl korkeita l\u00e4mp\u00f6tiloja kest\u00e4v\u00e4\u00e4 ja hyvin \u00a0v\u00e4h\u00e4n makuja antavaa auringonkukka\u00f6ljy\u00e4 1 kalaliemikuutio tai kafondia kalakastikkelle &hellip;<\/p>\n<p class=\"read-more\"> <a class=\"\" href=\"https:\/\/xn--kriinen-5waac.fi\/?page_id=399\"> <span class=\"screen-reader-text\">JOKEN PARAS KALAKASTIKEPOHJA<\/span> Lue lis\u00e4\u00e4 &raquo;<\/a><\/p>\n","protected":false},"author":3,"featured_media":0,"parent":380,"menu_order":0,"comment_status":"open","ping_status":"open","template":"","meta":{"footnotes":""},"_links":{"self":[{"href":"https:\/\/xn--kriinen-5waac.fi\/index.php?rest_route=\/wp\/v2\/pages\/399"}],"collection":[{"href":"https:\/\/xn--kriinen-5waac.fi\/index.php?rest_route=\/wp\/v2\/pages"}],"about":[{"href":"https:\/\/xn--kriinen-5waac.fi\/index.php?rest_route=\/wp\/v2\/types\/page"}],"author":[{"embeddable":true,"href":"https:\/\/xn--kriinen-5waac.fi\/index.php?rest_route=\/wp\/v2\/users\/3"}],"replies":[{"embeddable":true,"href":"https:\/\/xn--kriinen-5waac.fi\/index.php?rest_route=%2Fwp%2Fv2%2Fcomments&post=399"}],"version-history":[{"count":7,"href":"https:\/\/xn--kriinen-5waac.fi\/index.php?rest_route=\/wp\/v2\/pages\/399\/revisions"}],"predecessor-version":[{"id":401,"href":"https:\/\/xn--kriinen-5waac.fi\/index.php?rest_route=\/wp\/v2\/pages\/399\/revisions\/401"}],"up":[{"embeddable":true,"href":"https:\/\/xn--kriinen-5waac.fi\/index.php?rest_route=\/wp\/v2\/pages\/380"}],"wp:attachment":[{"href":"https:\/\/xn--kriinen-5waac.fi\/index.php?rest_route=%2Fwp%2Fv2%2Fmedia&parent=399"}],"curies":[{"name":"wp","href":"https:\/\/api.w.org\/{rel}","templated":true}]}}