{"id":41,"date":"2012-04-06T20:59:58","date_gmt":"2012-04-06T17:59:58","guid":{"rendered":"http:\/\/kaariainen.fi\/?page_id=41"},"modified":"2022-07-23T19:29:22","modified_gmt":"2022-07-23T16:29:22","slug":"yhteystiedot","status":"publish","type":"page","link":"https:\/\/xn--kriinen-5waac.fi\/?page_id=41","title":{"rendered":"Yhteystiedot"},"content":{"rendered":"<h4><strong>Seuran s\u00e4hk\u00f6postiosoite<\/strong><\/h4>\n<p>puheenjohtaja Mirja \u00c5kerlund<br \/>\n<a href=\"mailto:akerlundmirja@gmail.com\">akerlundmirja@gmail.com<\/a><\/p>\n<p>Jos haluat liitty\u00e4 seuran j\u00e4seneksi, niin ota yhteytt\u00e4 puheenjohtajaan. T\u00e4yt\u00e4 my\u00f6s t\u00e4m\u00e4 <a href=\"https:\/\/xn--kriinen-5waac.fi\/wp-content\/uploads\/2012\/05\/K\u00e4\u00e4ri\u00e4isten_Sukuseuran_j\u00e4senlomake.pdf\">K\u00e4\u00e4ri\u00e4isten Sukuseuran j\u00e4senlomake<\/a>, ja l\u00e4het\u00e4 se puheenjohtajalle.<\/p>\n<p>Yrityksille on erillinen kannatusj\u00e4senyys , joka oikeuttaa my\u00f6s linkkiin yrityksen sivuille &#8221;Yritt\u00e4v\u00e4t K\u00e4\u00e4ri\u00e4iset&#8221; -linkkilistassa.<\/p>\n<h4>Verkkosivujen yll\u00e4pito<\/h4>\n<p>Markus Koskela<br \/>\n<a href=\"mailto:markus.koskela@me.com\">markus.koskela@me.com<\/a><\/p>\n","protected":false},"excerpt":{"rendered":"<p>Seuran s\u00e4hk\u00f6postiosoite puheenjohtaja Mirja \u00c5kerlund akerlundmirja@gmail.com Jos haluat liitty\u00e4 seuran j\u00e4seneksi, niin ota yhteytt\u00e4 puheenjohtajaan. T\u00e4yt\u00e4 my\u00f6s t\u00e4m\u00e4 K\u00e4\u00e4ri\u00e4isten Sukuseuran j\u00e4senlomake, ja l\u00e4het\u00e4 se puheenjohtajalle. Yrityksille on erillinen kannatusj\u00e4senyys , joka oikeuttaa my\u00f6s linkkiin yrityksen sivuille &#8221;Yritt\u00e4v\u00e4t K\u00e4\u00e4ri\u00e4iset&#8221; -linkkilistassa. Verkkosivujen yll\u00e4pito Markus Koskela markus.koskela@me.com<\/p>\n","protected":false},"author":1,"featured_media":0,"parent":0,"menu_order":6,"comment_status":"open","ping_status":"open","template":"","meta":{"footnotes":""},"_links":{"self":[{"href":"https:\/\/xn--kriinen-5waac.fi\/index.php?rest_route=\/wp\/v2\/pages\/41"}],"collection":[{"href":"https:\/\/xn--kriinen-5waac.fi\/index.php?rest_route=\/wp\/v2\/pages"}],"about":[{"href":"https:\/\/xn--kriinen-5waac.fi\/index.php?rest_route=\/wp\/v2\/types\/page"}],"author":[{"embeddable":true,"href":"https:\/\/xn--kriinen-5waac.fi\/index.php?rest_route=\/wp\/v2\/users\/1"}],"replies":[{"embeddable":true,"href":"https:\/\/xn--kriinen-5waac.fi\/index.php?rest_route=%2Fwp%2Fv2%2Fcomments&post=41"}],"version-history":[{"count":22,"href":"https:\/\/xn--kriinen-5waac.fi\/index.php?rest_route=\/wp\/v2\/pages\/41\/revisions"}],"predecessor-version":[{"id":652,"href":"https:\/\/xn--kriinen-5waac.fi\/index.php?rest_route=\/wp\/v2\/pages\/41\/revisions\/652"}],"wp:attachment":[{"href":"https:\/\/xn--kriinen-5waac.fi\/index.php?rest_route=%2Fwp%2Fv2%2Fmedia&parent=41"}],"curies":[{"name":"wp","href":"https:\/\/api.w.org\/{rel}","templated":true}]}}