{"id":438,"date":"2013-04-11T13:46:33","date_gmt":"2013-04-11T10:46:33","guid":{"rendered":"http:\/\/kaariainen.fi\/?page_id=438"},"modified":"2013-04-11T14:25:17","modified_gmt":"2013-04-11T11:25:17","slug":"graavattua-haukifiletta","status":"publish","type":"page","link":"https:\/\/xn--kriinen-5waac.fi\/?page_id=438","title":{"rendered":"Marinoitua haukifileet\u00e4 (tai s\u00e4rke\u00e4)"},"content":{"rendered":"<p>Haukifileen marinoiminen nesteess\u00e4 on vaihteen vuoksi erikoisen helppo herkku.<\/p>\n<p>Kuten tunnettua &#8211; hauki on loisten levitt\u00e4j\u00e4 ja siksi joko kunnolla kypsennett\u00e4v\u00e4 tai PAKASTETTAVA v\u00e4hint\u00e4\u00e4n vuorokaudeksi.<\/p>\n<p>Muokkasin ruotsinkieliselt\u00e4 alueelta tulevaa alkuaan s\u00e4rkifileille tehty\u00e4 resepti\u00e4 hauelle ja totesin ett\u00e4 toimii.<\/p>\n<p>Ruodottomaksi leikattu hauki pakastetaan ensin vuorokaudeksi kolmeen osaan p\u00e4tkittyin\u00e4 filein\u00e4. Se helpottaa k\u00e4sittely\u00e4. \u00a0L\u00e4hes sulat haukipalat upotetaan 12 tunniksi marinadiin. Sen j\u00e4lkeen fileet voi leikata ohuiksi siivuiksi tarjolle esimerkiksi pakkasen panemien puolukoiden kera.<\/p>\n<p>Kokeilin my\u00f6s mikrossa l\u00e4mmitt\u00e4mist\u00e4, mik\u00e4 tekee fileepaloista niinik\u00e4\u00e4n puolukkasurveen kanssa maistuvaa. Eik\u00e4 ole pahaa jos vaahdoksi kiehuvassa voissa k\u00e4ytt\u00e4\u00e4 ja tarjoilee lumiperunan kera. Peruna kannatta maustaa reilusti sitruunamehulla.<\/p>\n<p>Kalam\u00e4\u00e4r\u00e4 voi olla sellainen ett\u00e4 peittyy marinadiin, ehk\u00e4 tuollaisen 600 g fileen voisi kerralla marinoida lirassa.<\/p>\n<p><span style=\"color: #3366ff;\"><strong>MARINOINTILIEMI<\/strong><\/span><\/p>\n<address>1 litra kylm\u00e4\u00e4 vett\u00e4<\/address>\n<address>\u00a0<\/address>\n<address>1 dl hyv\u00e4\u00e4 mielell\u00e4\u00e4n pehme\u00e4\u00e4 etikkaa (samppanja- tai valkoviinietikka)<\/address>\n<address>\u00a0<\/address>\n<address>2,5 rkl suolaa ( pansuolasta tulee kitker\u00e4\u00e4, merisuolakin hieman vierastaa happoa mutta tavallinen jodioitu ruokasuola on ihan hyv\u00e4\u00e4.<\/address>\n<address>\u00a0<\/address>\n<address>murskattua valkopippuria veitsenk\u00e4rjellinen\u00a0<\/address>\n<address>\u00a0<\/address>\n<address>Jos tykk\u00e4\u00e4t hieman hapanimelt\u00e4st\u00e4, voit k\u00e4ytt\u00e4\u00e4 ripauksen sokeria<\/address>\n<address>\u00a0<\/address>\n<address>Kannelliseen rasiaan j\u00e4\u00e4kaapppiin puoleksi vuorokaudeksi<\/address>\n<address>\u00a0<\/address>\n<address>Yrttej\u00e4 kuten tilli\u00e4 k\u00e4yt\u00e4 vasta tarjolle laitettaessa, muuten liemi v\u00e4kev\u00f6ityy tai makumaailma k\u00e4pristyy etikan ymp\u00e4rille. S\u00e4rkifileest\u00e4 tulee upean valkoista ja maukasta.<\/address>\n<address>\u00a0<\/address>\n<p>S\u00c4RKI ei kanna loisia. joten sit\u00e4 EI TARVITSE PAKASTAA. Sen voi <strong>graavata my\u00f6s suoraan<\/strong> suola\/sokeriseoksella ( jossa 10% s\u00e4ren painosta on suolaa ja suolan painosta 10 prosenttia sokeria) <strong>\u00a0jopa tunnissa<\/strong>. S\u00e4rke\u00e4kin voi tehd\u00e4 chilel\u00e4iseen tapaan pelk\u00e4st\u00e4\u00e4n \u00f6ljy-sitruunamarinadilla ilman suolaa. Reseptih\u00e4n on tehty alun perin kirjolohelle kun ei haluta k\u00e4ytt\u00e4\u00e4 suolaa. Marinoimisajaksi lohelle riitt\u00e4\u00e4 5 minuuttia, mutta tunti tekee s\u00e4relle hyv\u00e4\u00e4.<\/p>\n","protected":false},"excerpt":{"rendered":"<p>Haukifileen marinoiminen nesteess\u00e4 on vaihteen vuoksi erikoisen helppo herkku. Kuten tunnettua &#8211; hauki on loisten levitt\u00e4j\u00e4 ja siksi joko kunnolla kypsennett\u00e4v\u00e4 tai PAKASTETTAVA v\u00e4hint\u00e4\u00e4n vuorokaudeksi. Muokkasin ruotsinkieliselt\u00e4 alueelta tulevaa alkuaan s\u00e4rkifileille tehty\u00e4 resepti\u00e4 hauelle ja totesin ett\u00e4 toimii. Ruodottomaksi leikattu hauki pakastetaan ensin vuorokaudeksi kolmeen osaan p\u00e4tkittyin\u00e4 filein\u00e4. Se helpottaa k\u00e4sittely\u00e4. \u00a0L\u00e4hes sulat haukipalat upotetaan &hellip;<\/p>\n<p class=\"read-more\"> <a class=\"\" href=\"https:\/\/xn--kriinen-5waac.fi\/?page_id=438\"> <span class=\"screen-reader-text\">Marinoitua haukifileet\u00e4 (tai s\u00e4rke\u00e4)<\/span> Lue lis\u00e4\u00e4 &raquo;<\/a><\/p>\n","protected":false},"author":3,"featured_media":0,"parent":380,"menu_order":1,"comment_status":"open","ping_status":"open","template":"","meta":{"footnotes":""},"_links":{"self":[{"href":"https:\/\/xn--kriinen-5waac.fi\/index.php?rest_route=\/wp\/v2\/pages\/438"}],"collection":[{"href":"https:\/\/xn--kriinen-5waac.fi\/index.php?rest_route=\/wp\/v2\/pages"}],"about":[{"href":"https:\/\/xn--kriinen-5waac.fi\/index.php?rest_route=\/wp\/v2\/types\/page"}],"author":[{"embeddable":true,"href":"https:\/\/xn--kriinen-5waac.fi\/index.php?rest_route=\/wp\/v2\/users\/3"}],"replies":[{"embeddable":true,"href":"https:\/\/xn--kriinen-5waac.fi\/index.php?rest_route=%2Fwp%2Fv2%2Fcomments&post=438"}],"version-history":[{"count":11,"href":"https:\/\/xn--kriinen-5waac.fi\/index.php?rest_route=\/wp\/v2\/pages\/438\/revisions"}],"predecessor-version":[{"id":450,"href":"https:\/\/xn--kriinen-5waac.fi\/index.php?rest_route=\/wp\/v2\/pages\/438\/revisions\/450"}],"up":[{"embeddable":true,"href":"https:\/\/xn--kriinen-5waac.fi\/index.php?rest_route=\/wp\/v2\/pages\/380"}],"wp:attachment":[{"href":"https:\/\/xn--kriinen-5waac.fi\/index.php?rest_route=%2Fwp%2Fv2%2Fmedia&parent=438"}],"curies":[{"name":"wp","href":"https:\/\/api.w.org\/{rel}","templated":true}]}}